{"id":51202,"date":"2024-10-28T07:53:17","date_gmt":"2024-10-28T07:53:17","guid":{"rendered":"https:\/\/www.senolsomran.com\/en\/?page_id=51202"},"modified":"2025-11-07T16:49:34","modified_gmt":"2025-11-07T16:49:34","slug":"yaren-cilizoglu","status":"publish","type":"page","link":"https:\/\/www.senolsomran.com\/en\/yaren-cilizoglu\/","title":{"rendered":"Yaren C\u0131l\u0131zo\u011flu"},"content":{"rendered":"\t\t<div data-elementor-type=\"wp-page\" data-elementor-id=\"51202\" class=\"elementor elementor-51202\">\n\t\t\t\t\t\t<section class=\"elementor-section elementor-top-section elementor-element elementor-element-2aee6d98 elementor-section-stretched elementor-section-boxed elementor-section-height-default elementor-section-height-default\" data-id=\"2aee6d98\" data-element_type=\"section\" data-settings=\"{&quot;stretch_section&quot;:&quot;section-stretched&quot;}\">\n\t\t\t\t\t\t\t<div class=\"elementor-background-overlay\"><\/div>\n\t\t\t\t\t\t\t<div class=\"elementor-container elementor-column-gap-wide\">\n\t\t\t\t\t<div class=\"elementor-column elementor-col-50 elementor-top-column elementor-element elementor-element-6898f778\" data-id=\"6898f778\" data-element_type=\"column\">\n\t\t\t<div class=\"elementor-widget-wrap elementor-element-populated\">\n\t\t\t\t\t\t<div class=\"elementor-element elementor-element-36ae60f8 elementor-invisible elementor-widget elementor-widget-image\" data-id=\"36ae60f8\" data-element_type=\"widget\" data-settings=\"{&quot;_animation&quot;:&quot;fadeIn&quot;}\" data-widget_type=\"image.default\">\n\t\t\t\t<div class=\"elementor-widget-container\">\n\t\t\t\t\t\t\t\t\t\t\t\t\t\t\t<img fetchpriority=\"high\" decoding=\"async\" width=\"785\" height=\"1024\" src=\"https:\/\/www.senolsomran.com\/en\/wp-content\/uploads\/2025\/11\/YarenCilizoglu-785x1024.jpg\" class=\"attachment-large size-large wp-image-51235\" alt=\"\" srcset=\"https:\/\/www.senolsomran.com\/en\/wp-content\/uploads\/2025\/11\/YarenCilizoglu-785x1024.jpg 785w, https:\/\/www.senolsomran.com\/en\/wp-content\/uploads\/2025\/11\/YarenCilizoglu-230x300.jpg 230w, https:\/\/www.senolsomran.com\/en\/wp-content\/uploads\/2025\/11\/YarenCilizoglu-768x1001.jpg 768w, https:\/\/www.senolsomran.com\/en\/wp-content\/uploads\/2025\/11\/YarenCilizoglu-1178x1536.jpg 1178w, https:\/\/www.senolsomran.com\/en\/wp-content\/uploads\/2025\/11\/YarenCilizoglu-1200x1565.jpg 1200w, https:\/\/www.senolsomran.com\/en\/wp-content\/uploads\/2025\/11\/YarenCilizoglu.jpg 1534w\" sizes=\"(max-width: 785px) 100vw, 785px\" \/>\t\t\t\t\t\t\t\t\t\t\t\t\t\t\t<\/div>\n\t\t\t\t<\/div>\n\t\t\t\t<div class=\"elementor-element elementor-element-2466591 e-grid-align-left elementor-shape-rounded elementor-grid-0 elementor-widget elementor-widget-social-icons\" data-id=\"2466591\" data-element_type=\"widget\" data-widget_type=\"social-icons.default\">\n\t\t\t\t<div class=\"elementor-widget-container\">\n\t\t\t\t\t\t\t<div class=\"elementor-social-icons-wrapper elementor-grid\">\n\t\t\t\t\t\t\t<span class=\"elementor-grid-item\">\n\t\t\t\t\t<a class=\"elementor-icon elementor-social-icon elementor-social-icon-linkedin elementor-repeater-item-72c2b4f\" href=\"http:\/\/www.linkedin.com\/in\/yarenc\u0131l\u0131zo\u011flu\" target=\"_blank\">\n\t\t\t\t\t\t<span class=\"elementor-screen-only\">Linkedin<\/span>\n\t\t\t\t\t\t<i aria-hidden=\"true\" class=\"fab fa-linkedin\"><\/i>\t\t\t\t\t<\/a>\n\t\t\t\t<\/span>\n\t\t\t\t\t<\/div>\n\t\t\t\t\t\t<\/div>\n\t\t\t\t<\/div>\n\t\t\t\t\t<\/div>\n\t\t<\/div>\n\t\t\t\t<div class=\"elementor-column elementor-col-50 elementor-top-column elementor-element elementor-element-543312ee\" data-id=\"543312ee\" data-element_type=\"column\">\n\t\t\t<div class=\"elementor-widget-wrap elementor-element-populated\">\n\t\t\t\t\t\t<div class=\"elementor-element elementor-element-4fee7fbc elementor-widget elementor-widget-heading\" data-id=\"4fee7fbc\" data-element_type=\"widget\" data-widget_type=\"heading.default\">\n\t\t\t\t<div class=\"elementor-widget-container\">\n\t\t\t\t\t<h2 class=\"elementor-heading-title elementor-size-default\">Yaren C\u0131l\u0131zo\u011flu<\/h2>\t\t\t\t<\/div>\n\t\t\t\t<\/div>\n\t\t\t\t<div class=\"elementor-element elementor-element-730295c1 elementor-widget elementor-widget-text-editor\" data-id=\"730295c1\" data-element_type=\"widget\" data-widget_type=\"text-editor.default\">\n\t\t\t\t<div class=\"elementor-widget-container\">\n\t\t\t\t\t\t\t\t\t<p>Legal Trainee<\/p>\t\t\t\t\t\t\t\t<\/div>\n\t\t\t\t<\/div>\n\t\t\t\t<div class=\"elementor-element elementor-element-54443fc8 elementor-widget elementor-widget-text-editor\" data-id=\"54443fc8\" data-element_type=\"widget\" data-widget_type=\"text-editor.default\">\n\t\t\t\t<div class=\"elementor-widget-container\">\n\t\t\t\t\t\t\t\t\t<p>Mobile: +90 507 136 13 65<br \/>E-mail: <a href=\"mailto:y.cilizoglu@senolsomran.com\" target=\"_blank\" rel=\"noopener\">y.cilizoglu@senolsomran.com<\/a><\/p>\t\t\t\t\t\t\t\t<\/div>\n\t\t\t\t<\/div>\n\t\t\t\t<div class=\"elementor-element elementor-element-3ce696e elementor-widget-divider--view-line elementor-widget elementor-widget-divider\" data-id=\"3ce696e\" data-element_type=\"widget\" data-widget_type=\"divider.default\">\n\t\t\t\t<div class=\"elementor-widget-container\">\n\t\t\t\t\t\t\t<div class=\"elementor-divider\">\n\t\t\t<span class=\"elementor-divider-separator\">\n\t\t\t\t\t\t<\/span>\n\t\t<\/div>\n\t\t\t\t\t\t<\/div>\n\t\t\t\t<\/div>\n\t\t\t\t<div class=\"elementor-element elementor-element-55eede18 elementor-widget elementor-widget-text-editor\" data-id=\"55eede18\" data-element_type=\"widget\" data-widget_type=\"text-editor.default\">\n\t\t\t\t<div class=\"elementor-widget-container\">\n\t\t\t\t\t\t\t\t\t<p>Yaren C\u0131l\u0131zo\u011flu graduated from Istanbul Bilgi University in 2025 with a strong academic foundation in law. Throughout her studies, she served as a long-term student assistant at the Maritime Law Research Center, where she focused on maritime and insurance law.<\/p><p>In addition to her academic involvement, Yaren gained comprehensive legal experience through summer internships and long-term trainee positions at various reputable law firms, allowing her to develop a well-rounded understanding of different legal practice areas.<\/p><p>Driven by a deep interest in the dynamics of international trade and maritime, Yaren aspires to build her career specializing in maritime law. She is fluent in English and Turkish, and is currently expanding her linguistic skills by learning French to further enhance her international legal competence.<\/p>\t\t\t\t\t\t\t\t<\/div>\n\t\t\t\t<\/div>\n\t\t\t\t\t<\/div>\n\t\t<\/div>\n\t\t\t\t\t<\/div>\n\t\t<\/section>\n\t\t\t\t<section class=\"elementor-section elementor-top-section elementor-element elementor-element-41c36e02 elementor-section-boxed elementor-section-height-default elementor-section-height-default\" data-id=\"41c36e02\" data-element_type=\"section\">\n\t\t\t\t\t\t<div class=\"elementor-container elementor-column-gap-default\">\n\t\t\t\t\t<div class=\"elementor-column elementor-col-100 elementor-top-column elementor-element elementor-element-253529f6\" data-id=\"253529f6\" data-element_type=\"column\">\n\t\t\t<div class=\"elementor-widget-wrap elementor-element-populated\">\n\t\t\t\t\t\t<div class=\"elementor-element elementor-element-2255070b elementor-widget elementor-widget-spacer\" data-id=\"2255070b\" data-element_type=\"widget\" data-widget_type=\"spacer.default\">\n\t\t\t\t<div class=\"elementor-widget-container\">\n\t\t\t\t\t\t\t<div class=\"elementor-spacer\">\n\t\t\t<div class=\"elementor-spacer-inner\"><\/div>\n\t\t<\/div>\n\t\t\t\t\t\t<\/div>\n\t\t\t\t<\/div>\n\t\t\t\t<div class=\"elementor-element elementor-element-9e9cdf elementor-widget elementor-widget-heading\" data-id=\"9e9cdf\" data-element_type=\"widget\" data-widget_type=\"heading.default\">\n\t\t\t\t<div class=\"elementor-widget-container\">\n\t\t\t\t\t<h2 class=\"elementor-heading-title elementor-size-default\">Our Team<\/h2>\t\t\t\t<\/div>\n\t\t\t\t<\/div>\n\t\t\t\t<div class=\"elementor-element elementor-element-75f5dd1a elementor-widget-divider--view-line elementor-widget elementor-widget-divider\" data-id=\"75f5dd1a\" data-element_type=\"widget\" data-widget_type=\"divider.default\">\n\t\t\t\t<div class=\"elementor-widget-container\">\n\t\t\t\t\t\t\t<div class=\"elementor-divider\">\n\t\t\t<span class=\"elementor-divider-separator\">\n\t\t\t\t\t\t<\/span>\n\t\t<\/div>\n\t\t\t\t\t\t<\/div>\n\t\t\t\t<\/div>\n\t\t\t\t\t<\/div>\n\t\t<\/div>\n\t\t\t\t\t<\/div>\n\t\t<\/section>\n\t\t\t\t<section class=\"elementor-section elementor-top-section elementor-element elementor-element-5e5de462 elementor-section-boxed elementor-section-height-default elementor-section-height-default elementor-invisible\" data-id=\"5e5de462\" data-element_type=\"section\" data-settings=\"{&quot;animation&quot;:&quot;fadeIn&quot;}\">\n\t\t\t\t\t\t<div class=\"elementor-container elementor-column-gap-default\">\n\t\t\t\t\t<div class=\"elementor-column elementor-col-25 elementor-top-column elementor-element elementor-element-48500333\" data-id=\"48500333\" data-element_type=\"column\">\n\t\t\t<div class=\"elementor-widget-wrap elementor-element-populated\">\n\t\t\t\t\t\t<div class=\"elementor-element elementor-element-24314987 elementor-widget elementor-widget-image\" data-id=\"24314987\" data-element_type=\"widget\" data-widget_type=\"image.default\">\n\t\t\t\t<div class=\"elementor-widget-container\">\n\t\t\t\t\t\t\t\t\t\t\t\t\t\t\t\t<a href=\"https:\/\/www.senolsomran.com\/en\/sinan-senol\/\">\n\t\t\t\t\t\t\t<img decoding=\"async\" width=\"785\" height=\"1024\" src=\"https:\/\/www.senolsomran.com\/en\/wp-content\/uploads\/2021\/11\/SinanSenol-785x1024.jpg\" class=\"elementor-animation-grow attachment-large size-large wp-image-50654\" alt=\"\" srcset=\"https:\/\/www.senolsomran.com\/en\/wp-content\/uploads\/2021\/11\/SinanSenol-785x1024.jpg 785w, https:\/\/www.senolsomran.com\/en\/wp-content\/uploads\/2021\/11\/SinanSenol-230x300.jpg 230w, https:\/\/www.senolsomran.com\/en\/wp-content\/uploads\/2021\/11\/SinanSenol-768x1001.jpg 768w, https:\/\/www.senolsomran.com\/en\/wp-content\/uploads\/2021\/11\/SinanSenol-1178x1536.jpg 1178w, https:\/\/www.senolsomran.com\/en\/wp-content\/uploads\/2021\/11\/SinanSenol-1200x1565.jpg 1200w, https:\/\/www.senolsomran.com\/en\/wp-content\/uploads\/2021\/11\/SinanSenol.jpg 1534w\" sizes=\"(max-width: 785px) 100vw, 785px\" \/>\t\t\t\t\t\t\t\t<\/a>\n\t\t\t\t\t\t\t\t\t\t\t\t\t\t\t<\/div>\n\t\t\t\t<\/div>\n\t\t\t\t<div class=\"elementor-element elementor-element-2e9c3f0a content-align-center icon-box-vertical-align-top icon-position-left icon-vertical-align-start elementor-widget elementor-widget-the7_icon_box_widget\" data-id=\"2e9c3f0a\" data-element_type=\"widget\" data-widget_type=\"the7_icon_box_widget.default\">\n\t\t\t\t<div class=\"elementor-widget-container\">\n\t\t\t\t\t\n\t\t<div class=\"the7-box-wrapper the7-elementor-widget the7_icon_box_widget-2e9c3f0a\">\t\t\t<div class=\"box-content-wrapper\">\n\t\t\t\t\t\t\t\t<div class=\"box-content\">\n\t\t\t\t\t\t\t\t\t\t\t\t\t\t\t\t\t<h4 class=\"box-heading\">\n\t\t\t\t\t\t\t<a >\t\t\t\t\t\t\t\tSinan \u015eenol\t\t\t\t\t\t\t<\/a>\t\t\t\t\t\t<\/h4>\n\t\t\t\t\t\t\t\t\t\t\t\t\t\t\t\t<div class=\"box-description\"><p>Partner<\/p><\/div>\n\t\t\t\t\t\n\t\t\t\t\t\n\t\t\t\t<\/div>\n\t\t\t<\/div>\n\t\t<\/div>\t\t\t\t\t<\/div>\n\t\t\t\t<\/div>\n\t\t\t\t\t<\/div>\n\t\t<\/div>\n\t\t\t\t<div class=\"elementor-column elementor-col-25 elementor-top-column elementor-element elementor-element-80289a7\" data-id=\"80289a7\" data-element_type=\"column\">\n\t\t\t<div class=\"elementor-widget-wrap elementor-element-populated\">\n\t\t\t\t\t\t<div class=\"elementor-element elementor-element-aa11c8f elementor-widget elementor-widget-image\" data-id=\"aa11c8f\" data-element_type=\"widget\" data-widget_type=\"image.default\">\n\t\t\t\t<div class=\"elementor-widget-container\">\n\t\t\t\t\t\t\t\t\t\t\t\t\t\t\t\t<a href=\"https:\/\/www.senolsomran.com\/en\/ebru-somran\/\">\n\t\t\t\t\t\t\t<img decoding=\"async\" width=\"785\" height=\"1024\" src=\"https:\/\/www.senolsomran.com\/en\/wp-content\/uploads\/2021\/11\/EbruSomran-785x1024.jpg\" class=\"elementor-animation-grow attachment-large size-large wp-image-50648\" alt=\"\" srcset=\"https:\/\/www.senolsomran.com\/en\/wp-content\/uploads\/2021\/11\/EbruSomran-785x1024.jpg 785w, https:\/\/www.senolsomran.com\/en\/wp-content\/uploads\/2021\/11\/EbruSomran-230x300.jpg 230w, https:\/\/www.senolsomran.com\/en\/wp-content\/uploads\/2021\/11\/EbruSomran-768x1001.jpg 768w, https:\/\/www.senolsomran.com\/en\/wp-content\/uploads\/2021\/11\/EbruSomran-1178x1536.jpg 1178w, https:\/\/www.senolsomran.com\/en\/wp-content\/uploads\/2021\/11\/EbruSomran-1200x1565.jpg 1200w, https:\/\/www.senolsomran.com\/en\/wp-content\/uploads\/2021\/11\/EbruSomran.jpg 1534w\" sizes=\"(max-width: 785px) 100vw, 785px\" \/>\t\t\t\t\t\t\t\t<\/a>\n\t\t\t\t\t\t\t\t\t\t\t\t\t\t\t<\/div>\n\t\t\t\t<\/div>\n\t\t\t\t<div class=\"elementor-element elementor-element-c0e9f7e content-align-center icon-box-vertical-align-top icon-position-left icon-vertical-align-start elementor-widget elementor-widget-the7_icon_box_widget\" data-id=\"c0e9f7e\" data-element_type=\"widget\" data-widget_type=\"the7_icon_box_widget.default\">\n\t\t\t\t<div class=\"elementor-widget-container\">\n\t\t\t\t\t\n\t\t<div class=\"the7-box-wrapper the7-elementor-widget the7_icon_box_widget-c0e9f7e\">\t\t\t<div class=\"box-content-wrapper\">\n\t\t\t\t\t\t\t\t<div class=\"box-content\">\n\t\t\t\t\t\t\t\t\t\t\t\t\t\t\t\t\t<h4 class=\"box-heading\">\n\t\t\t\t\t\t\t<a href=\"http:\/\/www.senolsomran.com\/en\/ebru-somran\/\">\t\t\t\t\t\t\t\tEbru Somran G\u00f6zl\u00fck\u00e7\u00fc\t\t\t\t\t\t\t<\/a>\t\t\t\t\t\t<\/h4>\n\t\t\t\t\t\t\t\t\t\t\t\t\t\t\t\t<div class=\"box-description\"><p>Partner<\/p><\/div>\n\t\t\t\t\t\n\t\t\t\t\t\n\t\t\t\t<\/div>\n\t\t\t<\/div>\n\t\t<\/div>\t\t\t\t\t<\/div>\n\t\t\t\t<\/div>\n\t\t\t\t\t<\/div>\n\t\t<\/div>\n\t\t\t\t<div class=\"elementor-column elementor-col-25 elementor-top-column elementor-element elementor-element-5421fcf3\" data-id=\"5421fcf3\" data-element_type=\"column\">\n\t\t\t<div class=\"elementor-widget-wrap elementor-element-populated\">\n\t\t\t\t\t\t<div class=\"elementor-element elementor-element-df04255 elementor-widget elementor-widget-image\" data-id=\"df04255\" data-element_type=\"widget\" data-widget_type=\"image.default\">\n\t\t\t\t<div class=\"elementor-widget-container\">\n\t\t\t\t\t\t\t\t\t\t\t\t\t\t\t\t<a href=\"https:\/\/www.senolsomran.com\/en\/duygu-senol\/\">\n\t\t\t\t\t\t\t<img loading=\"lazy\" decoding=\"async\" width=\"785\" height=\"1024\" src=\"https:\/\/www.senolsomran.com\/en\/wp-content\/uploads\/2021\/11\/DuyguSenol-785x1024.jpg\" class=\"elementor-animation-grow attachment-large size-large wp-image-50646\" alt=\"\" srcset=\"https:\/\/www.senolsomran.com\/en\/wp-content\/uploads\/2021\/11\/DuyguSenol-785x1024.jpg 785w, https:\/\/www.senolsomran.com\/en\/wp-content\/uploads\/2021\/11\/DuyguSenol-230x300.jpg 230w, https:\/\/www.senolsomran.com\/en\/wp-content\/uploads\/2021\/11\/DuyguSenol-768x1001.jpg 768w, https:\/\/www.senolsomran.com\/en\/wp-content\/uploads\/2021\/11\/DuyguSenol-1178x1536.jpg 1178w, https:\/\/www.senolsomran.com\/en\/wp-content\/uploads\/2021\/11\/DuyguSenol-1200x1565.jpg 1200w, https:\/\/www.senolsomran.com\/en\/wp-content\/uploads\/2021\/11\/DuyguSenol.jpg 1534w\" sizes=\"(max-width: 785px) 100vw, 785px\" \/>\t\t\t\t\t\t\t\t<\/a>\n\t\t\t\t\t\t\t\t\t\t\t\t\t\t\t<\/div>\n\t\t\t\t<\/div>\n\t\t\t\t<div class=\"elementor-element elementor-element-3f9cd095 content-align-center icon-box-vertical-align-top icon-position-left icon-vertical-align-start elementor-widget elementor-widget-the7_icon_box_widget\" data-id=\"3f9cd095\" data-element_type=\"widget\" data-widget_type=\"the7_icon_box_widget.default\">\n\t\t\t\t<div class=\"elementor-widget-container\">\n\t\t\t\t\t\n\t\t<div class=\"the7-box-wrapper the7-elementor-widget the7_icon_box_widget-3f9cd095\">\t\t\t<div class=\"box-content-wrapper\">\n\t\t\t\t\t\t\t\t<div class=\"box-content\">\n\t\t\t\t\t\t\t\t\t\t\t\t\t\t\t\t\t<h4 class=\"box-heading\">\n\t\t\t\t\t\t\t<a >\t\t\t\t\t\t\t\tDuygu \u015eenol\t\t\t\t\t\t\t<\/a>\t\t\t\t\t\t<\/h4>\n\t\t\t\t\t\t\t\t\t\t\t\t\t\t\t\t<div class=\"box-description\"><p>Partner<\/p><\/div>\n\t\t\t\t\t\n\t\t\t\t\t\n\t\t\t\t<\/div>\n\t\t\t<\/div>\n\t\t<\/div>\t\t\t\t\t<\/div>\n\t\t\t\t<\/div>\n\t\t\t\t\t<\/div>\n\t\t<\/div>\n\t\t\t\t<div class=\"elementor-column elementor-col-25 elementor-top-column elementor-element elementor-element-6da5227f\" data-id=\"6da5227f\" data-element_type=\"column\">\n\t\t\t<div class=\"elementor-widget-wrap elementor-element-populated\">\n\t\t\t\t\t\t<div class=\"elementor-element elementor-element-5aa4e16e elementor-widget elementor-widget-image\" data-id=\"5aa4e16e\" data-element_type=\"widget\" data-widget_type=\"image.default\">\n\t\t\t\t<div class=\"elementor-widget-container\">\n\t\t\t\t\t\t\t\t\t\t\t\t\t\t\t\t<a href=\"https:\/\/www.senolsomran.com\/en\/gizem-karpuzoglu\/\">\n\t\t\t\t\t\t\t<img loading=\"lazy\" decoding=\"async\" width=\"785\" height=\"1024\" src=\"https:\/\/www.senolsomran.com\/en\/wp-content\/uploads\/2022\/05\/GizemKarpuzoglu-785x1024.jpg\" class=\"elementor-animation-grow attachment-large size-large wp-image-50911\" alt=\"\" srcset=\"https:\/\/www.senolsomran.com\/en\/wp-content\/uploads\/2022\/05\/GizemKarpuzoglu-785x1024.jpg 785w, https:\/\/www.senolsomran.com\/en\/wp-content\/uploads\/2022\/05\/GizemKarpuzoglu-230x300.jpg 230w, https:\/\/www.senolsomran.com\/en\/wp-content\/uploads\/2022\/05\/GizemKarpuzoglu-768x1001.jpg 768w, https:\/\/www.senolsomran.com\/en\/wp-content\/uploads\/2022\/05\/GizemKarpuzoglu-1178x1536.jpg 1178w, https:\/\/www.senolsomran.com\/en\/wp-content\/uploads\/2022\/05\/GizemKarpuzoglu-1200x1565.jpg 1200w, https:\/\/www.senolsomran.com\/en\/wp-content\/uploads\/2022\/05\/GizemKarpuzoglu.jpg 1534w\" sizes=\"(max-width: 785px) 100vw, 785px\" \/>\t\t\t\t\t\t\t\t<\/a>\n\t\t\t\t\t\t\t\t\t\t\t\t\t\t\t<\/div>\n\t\t\t\t<\/div>\n\t\t\t\t<div class=\"elementor-element elementor-element-1588f075 content-align-center icon-box-vertical-align-top icon-position-left icon-vertical-align-start elementor-widget elementor-widget-the7_icon_box_widget\" data-id=\"1588f075\" data-element_type=\"widget\" data-widget_type=\"the7_icon_box_widget.default\">\n\t\t\t\t<div class=\"elementor-widget-container\">\n\t\t\t\t\t\n\t\t<div class=\"the7-box-wrapper the7-elementor-widget the7_icon_box_widget-1588f075\">\t\t\t<div class=\"box-content-wrapper\">\n\t\t\t\t\t\t\t\t<div class=\"box-content\">\n\t\t\t\t\t\t\t\t\t\t\t\t\t\t\t\t\t<h4 class=\"box-heading\">\n\t\t\t\t\t\t\t<a >\t\t\t\t\t\t\t\tGizem Karpuzo\u011flu\t\t\t\t\t\t\t<\/a>\t\t\t\t\t\t<\/h4>\n\t\t\t\t\t\t\t\t\t\t\t\t\t\t\t\t<div class=\"box-description\"><p>Of Counsel<\/p><\/div>\n\t\t\t\t\t\n\t\t\t\t\t\n\t\t\t\t<\/div>\n\t\t\t<\/div>\n\t\t<\/div>\t\t\t\t\t<\/div>\n\t\t\t\t<\/div>\n\t\t\t\t\t<\/div>\n\t\t<\/div>\n\t\t\t\t\t<\/div>\n\t\t<\/section>\n\t\t\t\t<\/div>\n\t\t","protected":false},"excerpt":{"rendered":"<p>Linkedin Yaren C\u0131l\u0131zo\u011flu Legal Trainee Mobile: +90 507 136 13 65E-mail: y.cilizoglu@senolsomran.com Yaren C\u0131l\u0131zo\u011flu graduated from Istanbul Bilgi University in 2025 with a strong academic foundation in law. Throughout her studies, she served as a long-term student assistant at the Maritime Law Research Center, where she focused on maritime and insurance law. In addition to&hellip;<\/p>\n","protected":false},"author":1,"featured_media":0,"parent":0,"menu_order":0,"comment_status":"closed","ping_status":"closed","template":"","meta":{"footnotes":""},"class_list":["post-51202","page","type-page","status-publish","hentry"],"_links":{"self":[{"href":"https:\/\/www.senolsomran.com\/en\/wp-json\/wp\/v2\/pages\/51202","targetHints":{"allow":["GET"]}}],"collection":[{"href":"https:\/\/www.senolsomran.com\/en\/wp-json\/wp\/v2\/pages"}],"about":[{"href":"https:\/\/www.senolsomran.com\/en\/wp-json\/wp\/v2\/types\/page"}],"author":[{"embeddable":true,"href":"https:\/\/www.senolsomran.com\/en\/wp-json\/wp\/v2\/users\/1"}],"replies":[{"embeddable":true,"href":"https:\/\/www.senolsomran.com\/en\/wp-json\/wp\/v2\/comments?post=51202"}],"version-history":[{"count":17,"href":"https:\/\/www.senolsomran.com\/en\/wp-json\/wp\/v2\/pages\/51202\/revisions"}],"predecessor-version":[{"id":51242,"href":"https:\/\/www.senolsomran.com\/en\/wp-json\/wp\/v2\/pages\/51202\/revisions\/51242"}],"wp:attachment":[{"href":"https:\/\/www.senolsomran.com\/en\/wp-json\/wp\/v2\/media?parent=51202"}],"curies":[{"name":"wp","href":"https:\/\/api.w.org\/{rel}","templated":true}]}}