{"id":51153,"date":"2023-10-08T08:58:10","date_gmt":"2023-10-08T08:58:10","guid":{"rendered":"https:\/\/www.senolsomran.com\/en\/?page_id=51153"},"modified":"2024-10-28T07:50:51","modified_gmt":"2024-10-28T07:50:51","slug":"nil-eylul-cigdem-2","status":"publish","type":"page","link":"https:\/\/www.senolsomran.com\/en\/nil-eylul-cigdem-2\/","title":{"rendered":"Nil Eyl\u00fcl \u00c7i\u011fdem"},"content":{"rendered":"\t\t<div data-elementor-type=\"wp-page\" data-elementor-id=\"51153\" class=\"elementor elementor-51153\">\n\t\t\t\t\t\t<section class=\"elementor-section elementor-top-section elementor-element elementor-element-49148a6a elementor-section-stretched elementor-section-boxed elementor-section-height-default elementor-section-height-default\" data-id=\"49148a6a\" data-element_type=\"section\" data-settings=\"{&quot;stretch_section&quot;:&quot;section-stretched&quot;}\">\n\t\t\t\t\t\t\t<div class=\"elementor-background-overlay\"><\/div>\n\t\t\t\t\t\t\t<div class=\"elementor-container elementor-column-gap-wide\">\n\t\t\t\t\t<div class=\"elementor-column elementor-col-50 elementor-top-column elementor-element elementor-element-4f394b15\" data-id=\"4f394b15\" data-element_type=\"column\">\n\t\t\t<div class=\"elementor-widget-wrap elementor-element-populated\">\n\t\t\t\t\t\t<div class=\"elementor-element elementor-element-4d59ac04 elementor-invisible elementor-widget elementor-widget-image\" data-id=\"4d59ac04\" data-element_type=\"widget\" data-settings=\"{&quot;_animation&quot;:&quot;fadeIn&quot;}\" data-widget_type=\"image.default\">\n\t\t\t\t<div class=\"elementor-widget-container\">\n\t\t\t\t\t\t\t\t\t\t\t\t\t\t\t<img fetchpriority=\"high\" decoding=\"async\" width=\"785\" height=\"1024\" src=\"https:\/\/www.senolsomran.com\/en\/wp-content\/uploads\/2023\/10\/Nil-Eylul-Cigdem-785x1024.jpg\" class=\"attachment-large size-large wp-image-51128\" alt=\"\" srcset=\"https:\/\/www.senolsomran.com\/en\/wp-content\/uploads\/2023\/10\/Nil-Eylul-Cigdem-785x1024.jpg 785w, https:\/\/www.senolsomran.com\/en\/wp-content\/uploads\/2023\/10\/Nil-Eylul-Cigdem-230x300.jpg 230w, https:\/\/www.senolsomran.com\/en\/wp-content\/uploads\/2023\/10\/Nil-Eylul-Cigdem-768x1001.jpg 768w, https:\/\/www.senolsomran.com\/en\/wp-content\/uploads\/2023\/10\/Nil-Eylul-Cigdem-1178x1536.jpg 1178w, https:\/\/www.senolsomran.com\/en\/wp-content\/uploads\/2023\/10\/Nil-Eylul-Cigdem-1200x1565.jpg 1200w, https:\/\/www.senolsomran.com\/en\/wp-content\/uploads\/2023\/10\/Nil-Eylul-Cigdem.jpg 1534w\" sizes=\"(max-width: 785px) 100vw, 785px\" \/>\t\t\t\t\t\t\t\t\t\t\t\t\t\t\t<\/div>\n\t\t\t\t<\/div>\n\t\t\t\t<div class=\"elementor-element elementor-element-58216a35 e-grid-align-left elementor-shape-rounded elementor-grid-0 elementor-widget elementor-widget-social-icons\" data-id=\"58216a35\" data-element_type=\"widget\" data-widget_type=\"social-icons.default\">\n\t\t\t\t<div class=\"elementor-widget-container\">\n\t\t\t\t\t\t\t<div class=\"elementor-social-icons-wrapper elementor-grid\">\n\t\t\t\t\t\t\t<span class=\"elementor-grid-item\">\n\t\t\t\t\t<a class=\"elementor-icon elementor-social-icon elementor-social-icon-linkedin elementor-repeater-item-72c2b4f\" href=\"https:\/\/www.linkedin.com\/in\/nil-eyl\u00fcl-\u00e7i\u011fdem-3595bb190\/\" target=\"_blank\">\n\t\t\t\t\t\t<span class=\"elementor-screen-only\">Linkedin<\/span>\n\t\t\t\t\t\t<i aria-hidden=\"true\" class=\"fab fa-linkedin\"><\/i>\t\t\t\t\t<\/a>\n\t\t\t\t<\/span>\n\t\t\t\t\t<\/div>\n\t\t\t\t\t\t<\/div>\n\t\t\t\t<\/div>\n\t\t\t\t\t<\/div>\n\t\t<\/div>\n\t\t\t\t<div class=\"elementor-column elementor-col-50 elementor-top-column elementor-element elementor-element-3a6007d\" data-id=\"3a6007d\" data-element_type=\"column\">\n\t\t\t<div class=\"elementor-widget-wrap elementor-element-populated\">\n\t\t\t\t\t\t<div class=\"elementor-element elementor-element-2ba197c9 elementor-widget elementor-widget-heading\" data-id=\"2ba197c9\" data-element_type=\"widget\" data-widget_type=\"heading.default\">\n\t\t\t\t<div class=\"elementor-widget-container\">\n\t\t\t\t\t<h2 class=\"elementor-heading-title elementor-size-default\">Nil Eyl\u00fcl \u00c7i\u011fdem<\/h2>\t\t\t\t<\/div>\n\t\t\t\t<\/div>\n\t\t\t\t<div class=\"elementor-element elementor-element-bd13923 elementor-widget elementor-widget-text-editor\" data-id=\"bd13923\" data-element_type=\"widget\" data-widget_type=\"text-editor.default\">\n\t\t\t\t<div class=\"elementor-widget-container\">\n\t\t\t\t\t\t\t\t\t<p>Associate<\/p>\t\t\t\t\t\t\t\t<\/div>\n\t\t\t\t<\/div>\n\t\t\t\t<div class=\"elementor-element elementor-element-621e95af elementor-widget elementor-widget-text-editor\" data-id=\"621e95af\" data-element_type=\"widget\" data-widget_type=\"text-editor.default\">\n\t\t\t\t<div class=\"elementor-widget-container\">\n\t\t\t\t\t\t\t\t\t<p>Mobile: +90 537 851 74 19<br \/>E-mail: e.cigdem@senolsomran.com<\/p>\t\t\t\t\t\t\t\t<\/div>\n\t\t\t\t<\/div>\n\t\t\t\t<div class=\"elementor-element elementor-element-34e3c40c elementor-widget-divider--view-line elementor-widget elementor-widget-divider\" data-id=\"34e3c40c\" data-element_type=\"widget\" data-widget_type=\"divider.default\">\n\t\t\t\t<div class=\"elementor-widget-container\">\n\t\t\t\t\t\t\t<div class=\"elementor-divider\">\n\t\t\t<span class=\"elementor-divider-separator\">\n\t\t\t\t\t\t<\/span>\n\t\t<\/div>\n\t\t\t\t\t\t<\/div>\n\t\t\t\t<\/div>\n\t\t\t\t<div class=\"elementor-element elementor-element-3a5aabab elementor-widget elementor-widget-text-editor\" data-id=\"3a5aabab\" data-element_type=\"widget\" data-widget_type=\"text-editor.default\">\n\t\t\t\t<div class=\"elementor-widget-container\">\n\t\t\t\t\t\t\t\t\t<p>Nil Eyl\u00fcl \u00c7i\u011fdem graduated with honors from Marmara University Faculty of Law in 2023. She also spent a year at Paris Ren\u00e9 Descartes University as part of the Erasmus+ program. During her studies, she completed summer internships at various law firms and worked as a long-term student intern, gaining practical legal experience.<\/p><p><br \/>Eyl\u00fcl began her legal internship at \u015eenol Somran Law Firm in 2023, where she gained experience in maritime and land transportation, as well as insurance law. She continues to work in these fields and, as of October 2024, will further develop her expertise as an associate at \u015eenol Somran Law Firm.<\/p><p><br \/>Eyl\u00fcl speaks Turkish and English and is expected to be admitted to the Istanbul Bar Association as an associate in October 2024.<\/p>\t\t\t\t\t\t\t\t<\/div>\n\t\t\t\t<\/div>\n\t\t\t\t\t<\/div>\n\t\t<\/div>\n\t\t\t\t\t<\/div>\n\t\t<\/section>\n\t\t\t\t<section class=\"elementor-section elementor-top-section elementor-element elementor-element-45f59034 elementor-section-boxed elementor-section-height-default elementor-section-height-default\" data-id=\"45f59034\" data-element_type=\"section\">\n\t\t\t\t\t\t<div class=\"elementor-container elementor-column-gap-default\">\n\t\t\t\t\t<div class=\"elementor-column elementor-col-100 elementor-top-column elementor-element elementor-element-5dd25359\" data-id=\"5dd25359\" data-element_type=\"column\">\n\t\t\t<div class=\"elementor-widget-wrap elementor-element-populated\">\n\t\t\t\t\t\t<div class=\"elementor-element elementor-element-2a6163bc elementor-widget elementor-widget-spacer\" data-id=\"2a6163bc\" data-element_type=\"widget\" data-widget_type=\"spacer.default\">\n\t\t\t\t<div class=\"elementor-widget-container\">\n\t\t\t\t\t\t\t<div class=\"elementor-spacer\">\n\t\t\t<div class=\"elementor-spacer-inner\"><\/div>\n\t\t<\/div>\n\t\t\t\t\t\t<\/div>\n\t\t\t\t<\/div>\n\t\t\t\t<div class=\"elementor-element elementor-element-5d307f27 elementor-widget elementor-widget-heading\" data-id=\"5d307f27\" data-element_type=\"widget\" data-widget_type=\"heading.default\">\n\t\t\t\t<div class=\"elementor-widget-container\">\n\t\t\t\t\t<h2 class=\"elementor-heading-title elementor-size-default\">Our Team<\/h2>\t\t\t\t<\/div>\n\t\t\t\t<\/div>\n\t\t\t\t<div class=\"elementor-element elementor-element-6721bbe1 elementor-widget-divider--view-line elementor-widget elementor-widget-divider\" data-id=\"6721bbe1\" data-element_type=\"widget\" data-widget_type=\"divider.default\">\n\t\t\t\t<div class=\"elementor-widget-container\">\n\t\t\t\t\t\t\t<div class=\"elementor-divider\">\n\t\t\t<span class=\"elementor-divider-separator\">\n\t\t\t\t\t\t<\/span>\n\t\t<\/div>\n\t\t\t\t\t\t<\/div>\n\t\t\t\t<\/div>\n\t\t\t\t\t<\/div>\n\t\t<\/div>\n\t\t\t\t\t<\/div>\n\t\t<\/section>\n\t\t\t\t<section class=\"elementor-section elementor-top-section elementor-element elementor-element-17a91452 elementor-section-boxed elementor-section-height-default elementor-section-height-default elementor-invisible\" data-id=\"17a91452\" data-element_type=\"section\" data-settings=\"{&quot;animation&quot;:&quot;fadeIn&quot;}\">\n\t\t\t\t\t\t<div class=\"elementor-container elementor-column-gap-default\">\n\t\t\t\t\t<div class=\"elementor-column elementor-col-25 elementor-top-column elementor-element elementor-element-632d129f\" data-id=\"632d129f\" data-element_type=\"column\">\n\t\t\t<div class=\"elementor-widget-wrap elementor-element-populated\">\n\t\t\t\t\t\t<div class=\"elementor-element elementor-element-44149707 elementor-widget elementor-widget-image\" data-id=\"44149707\" data-element_type=\"widget\" data-widget_type=\"image.default\">\n\t\t\t\t<div class=\"elementor-widget-container\">\n\t\t\t\t\t\t\t\t\t\t\t\t\t\t\t\t<a href=\"https:\/\/www.senolsomran.com\/en\/sinan-senol\/\">\n\t\t\t\t\t\t\t<img decoding=\"async\" width=\"785\" height=\"1024\" src=\"https:\/\/www.senolsomran.com\/en\/wp-content\/uploads\/2021\/11\/SinanSenol-785x1024.jpg\" class=\"elementor-animation-grow attachment-large size-large wp-image-50654\" alt=\"\" srcset=\"https:\/\/www.senolsomran.com\/en\/wp-content\/uploads\/2021\/11\/SinanSenol-785x1024.jpg 785w, https:\/\/www.senolsomran.com\/en\/wp-content\/uploads\/2021\/11\/SinanSenol-230x300.jpg 230w, https:\/\/www.senolsomran.com\/en\/wp-content\/uploads\/2021\/11\/SinanSenol-768x1001.jpg 768w, https:\/\/www.senolsomran.com\/en\/wp-content\/uploads\/2021\/11\/SinanSenol-1178x1536.jpg 1178w, https:\/\/www.senolsomran.com\/en\/wp-content\/uploads\/2021\/11\/SinanSenol-1200x1565.jpg 1200w, https:\/\/www.senolsomran.com\/en\/wp-content\/uploads\/2021\/11\/SinanSenol.jpg 1534w\" sizes=\"(max-width: 785px) 100vw, 785px\" \/>\t\t\t\t\t\t\t\t<\/a>\n\t\t\t\t\t\t\t\t\t\t\t\t\t\t\t<\/div>\n\t\t\t\t<\/div>\n\t\t\t\t<div class=\"elementor-element elementor-element-104822df content-align-center icon-box-vertical-align-top icon-position-left icon-vertical-align-start elementor-widget elementor-widget-the7_icon_box_widget\" data-id=\"104822df\" data-element_type=\"widget\" data-widget_type=\"the7_icon_box_widget.default\">\n\t\t\t\t<div class=\"elementor-widget-container\">\n\t\t\t\t\t\n\t\t<div class=\"the7-box-wrapper the7-elementor-widget the7_icon_box_widget-104822df\">\t\t\t<div class=\"box-content-wrapper\">\n\t\t\t\t\t\t\t\t<div class=\"box-content\">\n\t\t\t\t\t\t\t\t\t\t\t\t\t\t\t\t\t<h4 class=\"box-heading\">\n\t\t\t\t\t\t\t<a >\t\t\t\t\t\t\t\tSinan \u015eenol\t\t\t\t\t\t\t<\/a>\t\t\t\t\t\t<\/h4>\n\t\t\t\t\t\t\t\t\t\t\t\t\t\t\t\t<div class=\"box-description\"><p>Partner<\/p><\/div>\n\t\t\t\t\t\n\t\t\t\t\t\n\t\t\t\t<\/div>\n\t\t\t<\/div>\n\t\t<\/div>\t\t\t\t\t<\/div>\n\t\t\t\t<\/div>\n\t\t\t\t\t<\/div>\n\t\t<\/div>\n\t\t\t\t<div class=\"elementor-column elementor-col-25 elementor-top-column elementor-element elementor-element-4d9c0fcf\" data-id=\"4d9c0fcf\" data-element_type=\"column\">\n\t\t\t<div class=\"elementor-widget-wrap elementor-element-populated\">\n\t\t\t\t\t\t<div class=\"elementor-element elementor-element-20ced68a elementor-widget elementor-widget-image\" data-id=\"20ced68a\" data-element_type=\"widget\" data-widget_type=\"image.default\">\n\t\t\t\t<div class=\"elementor-widget-container\">\n\t\t\t\t\t\t\t\t\t\t\t\t\t\t\t\t<a href=\"https:\/\/www.senolsomran.com\/en\/ebru-somran\/\">\n\t\t\t\t\t\t\t<img decoding=\"async\" width=\"785\" height=\"1024\" src=\"https:\/\/www.senolsomran.com\/en\/wp-content\/uploads\/2021\/11\/EbruSomran-785x1024.jpg\" class=\"elementor-animation-grow attachment-large size-large wp-image-50648\" alt=\"\" srcset=\"https:\/\/www.senolsomran.com\/en\/wp-content\/uploads\/2021\/11\/EbruSomran-785x1024.jpg 785w, https:\/\/www.senolsomran.com\/en\/wp-content\/uploads\/2021\/11\/EbruSomran-230x300.jpg 230w, https:\/\/www.senolsomran.com\/en\/wp-content\/uploads\/2021\/11\/EbruSomran-768x1001.jpg 768w, https:\/\/www.senolsomran.com\/en\/wp-content\/uploads\/2021\/11\/EbruSomran-1178x1536.jpg 1178w, https:\/\/www.senolsomran.com\/en\/wp-content\/uploads\/2021\/11\/EbruSomran-1200x1565.jpg 1200w, https:\/\/www.senolsomran.com\/en\/wp-content\/uploads\/2021\/11\/EbruSomran.jpg 1534w\" sizes=\"(max-width: 785px) 100vw, 785px\" \/>\t\t\t\t\t\t\t\t<\/a>\n\t\t\t\t\t\t\t\t\t\t\t\t\t\t\t<\/div>\n\t\t\t\t<\/div>\n\t\t\t\t<div class=\"elementor-element elementor-element-13330c2c content-align-center icon-box-vertical-align-top icon-position-left icon-vertical-align-start elementor-widget elementor-widget-the7_icon_box_widget\" data-id=\"13330c2c\" data-element_type=\"widget\" data-widget_type=\"the7_icon_box_widget.default\">\n\t\t\t\t<div class=\"elementor-widget-container\">\n\t\t\t\t\t\n\t\t<div class=\"the7-box-wrapper the7-elementor-widget the7_icon_box_widget-13330c2c\">\t\t\t<div class=\"box-content-wrapper\">\n\t\t\t\t\t\t\t\t<div class=\"box-content\">\n\t\t\t\t\t\t\t\t\t\t\t\t\t\t\t\t\t<h4 class=\"box-heading\">\n\t\t\t\t\t\t\t<a href=\"http:\/\/www.senolsomran.com\/en\/ebru-somran\/\">\t\t\t\t\t\t\t\tEbru Somran G\u00f6zl\u00fck\u00e7\u00fc\t\t\t\t\t\t\t<\/a>\t\t\t\t\t\t<\/h4>\n\t\t\t\t\t\t\t\t\t\t\t\t\t\t\t\t<div class=\"box-description\"><p>Partner<\/p><\/div>\n\t\t\t\t\t\n\t\t\t\t\t\n\t\t\t\t<\/div>\n\t\t\t<\/div>\n\t\t<\/div>\t\t\t\t\t<\/div>\n\t\t\t\t<\/div>\n\t\t\t\t\t<\/div>\n\t\t<\/div>\n\t\t\t\t<div class=\"elementor-column elementor-col-25 elementor-top-column elementor-element elementor-element-2a651b7b\" data-id=\"2a651b7b\" data-element_type=\"column\">\n\t\t\t<div class=\"elementor-widget-wrap elementor-element-populated\">\n\t\t\t\t\t\t<div class=\"elementor-element elementor-element-7e0c3a7d elementor-widget elementor-widget-image\" data-id=\"7e0c3a7d\" data-element_type=\"widget\" data-widget_type=\"image.default\">\n\t\t\t\t<div class=\"elementor-widget-container\">\n\t\t\t\t\t\t\t\t\t\t\t\t\t\t\t\t<a href=\"https:\/\/www.senolsomran.com\/en\/duygu-senol\/\">\n\t\t\t\t\t\t\t<img loading=\"lazy\" decoding=\"async\" width=\"785\" height=\"1024\" src=\"https:\/\/www.senolsomran.com\/en\/wp-content\/uploads\/2021\/11\/DuyguSenol-785x1024.jpg\" class=\"elementor-animation-grow attachment-large size-large wp-image-50646\" alt=\"\" srcset=\"https:\/\/www.senolsomran.com\/en\/wp-content\/uploads\/2021\/11\/DuyguSenol-785x1024.jpg 785w, https:\/\/www.senolsomran.com\/en\/wp-content\/uploads\/2021\/11\/DuyguSenol-230x300.jpg 230w, https:\/\/www.senolsomran.com\/en\/wp-content\/uploads\/2021\/11\/DuyguSenol-768x1001.jpg 768w, https:\/\/www.senolsomran.com\/en\/wp-content\/uploads\/2021\/11\/DuyguSenol-1178x1536.jpg 1178w, https:\/\/www.senolsomran.com\/en\/wp-content\/uploads\/2021\/11\/DuyguSenol-1200x1565.jpg 1200w, https:\/\/www.senolsomran.com\/en\/wp-content\/uploads\/2021\/11\/DuyguSenol.jpg 1534w\" sizes=\"(max-width: 785px) 100vw, 785px\" \/>\t\t\t\t\t\t\t\t<\/a>\n\t\t\t\t\t\t\t\t\t\t\t\t\t\t\t<\/div>\n\t\t\t\t<\/div>\n\t\t\t\t<div class=\"elementor-element elementor-element-738fa936 content-align-center icon-box-vertical-align-top icon-position-left icon-vertical-align-start elementor-widget elementor-widget-the7_icon_box_widget\" data-id=\"738fa936\" data-element_type=\"widget\" data-widget_type=\"the7_icon_box_widget.default\">\n\t\t\t\t<div class=\"elementor-widget-container\">\n\t\t\t\t\t\n\t\t<div class=\"the7-box-wrapper the7-elementor-widget the7_icon_box_widget-738fa936\">\t\t\t<div class=\"box-content-wrapper\">\n\t\t\t\t\t\t\t\t<div class=\"box-content\">\n\t\t\t\t\t\t\t\t\t\t\t\t\t\t\t\t\t<h4 class=\"box-heading\">\n\t\t\t\t\t\t\t<a >\t\t\t\t\t\t\t\tDuygu \u015eenol\t\t\t\t\t\t\t<\/a>\t\t\t\t\t\t<\/h4>\n\t\t\t\t\t\t\t\t\t\t\t\t\t\t\t\t<div class=\"box-description\"><p>Partner<\/p><\/div>\n\t\t\t\t\t\n\t\t\t\t\t\n\t\t\t\t<\/div>\n\t\t\t<\/div>\n\t\t<\/div>\t\t\t\t\t<\/div>\n\t\t\t\t<\/div>\n\t\t\t\t\t<\/div>\n\t\t<\/div>\n\t\t\t\t<div class=\"elementor-column elementor-col-25 elementor-top-column elementor-element elementor-element-44e4b3b1\" data-id=\"44e4b3b1\" data-element_type=\"column\">\n\t\t\t<div class=\"elementor-widget-wrap elementor-element-populated\">\n\t\t\t\t\t\t<div class=\"elementor-element elementor-element-289adb2 elementor-widget elementor-widget-image\" data-id=\"289adb2\" data-element_type=\"widget\" data-widget_type=\"image.default\">\n\t\t\t\t<div class=\"elementor-widget-container\">\n\t\t\t\t\t\t\t\t\t\t\t\t\t\t\t\t<a href=\"https:\/\/www.senolsomran.com\/en\/sevgi-aydost\/\">\n\t\t\t\t\t\t\t<img loading=\"lazy\" decoding=\"async\" width=\"785\" height=\"1024\" src=\"https:\/\/www.senolsomran.com\/en\/wp-content\/uploads\/2022\/05\/GizemKarpuzoglu-785x1024.jpg\" class=\"elementor-animation-grow attachment-large size-large wp-image-50911\" alt=\"\" srcset=\"https:\/\/www.senolsomran.com\/en\/wp-content\/uploads\/2022\/05\/GizemKarpuzoglu-785x1024.jpg 785w, https:\/\/www.senolsomran.com\/en\/wp-content\/uploads\/2022\/05\/GizemKarpuzoglu-230x300.jpg 230w, https:\/\/www.senolsomran.com\/en\/wp-content\/uploads\/2022\/05\/GizemKarpuzoglu-768x1001.jpg 768w, https:\/\/www.senolsomran.com\/en\/wp-content\/uploads\/2022\/05\/GizemKarpuzoglu-1178x1536.jpg 1178w, https:\/\/www.senolsomran.com\/en\/wp-content\/uploads\/2022\/05\/GizemKarpuzoglu-1200x1565.jpg 1200w, https:\/\/www.senolsomran.com\/en\/wp-content\/uploads\/2022\/05\/GizemKarpuzoglu.jpg 1534w\" sizes=\"(max-width: 785px) 100vw, 785px\" \/>\t\t\t\t\t\t\t\t<\/a>\n\t\t\t\t\t\t\t\t\t\t\t\t\t\t\t<\/div>\n\t\t\t\t<\/div>\n\t\t\t\t<div class=\"elementor-element elementor-element-5261b2a7 content-align-center icon-box-vertical-align-top icon-position-left icon-vertical-align-start elementor-widget elementor-widget-the7_icon_box_widget\" data-id=\"5261b2a7\" data-element_type=\"widget\" data-widget_type=\"the7_icon_box_widget.default\">\n\t\t\t\t<div class=\"elementor-widget-container\">\n\t\t\t\t\t\n\t\t<div class=\"the7-box-wrapper the7-elementor-widget the7_icon_box_widget-5261b2a7\">\t\t\t<div class=\"box-content-wrapper\">\n\t\t\t\t\t\t\t\t<div class=\"box-content\">\n\t\t\t\t\t\t\t\t\t\t\t\t\t\t\t\t\t<h4 class=\"box-heading\">\n\t\t\t\t\t\t\t<a >\t\t\t\t\t\t\t\tGizem Karpuzo\u011flu\t\t\t\t\t\t\t<\/a>\t\t\t\t\t\t<\/h4>\n\t\t\t\t\t\t\t\t\t\t\t\t\t\t\t\t<div class=\"box-description\"><p>Of Counsel<\/p><\/div>\n\t\t\t\t\t\n\t\t\t\t\t\n\t\t\t\t<\/div>\n\t\t\t<\/div>\n\t\t<\/div>\t\t\t\t\t<\/div>\n\t\t\t\t<\/div>\n\t\t\t\t\t<\/div>\n\t\t<\/div>\n\t\t\t\t\t<\/div>\n\t\t<\/section>\n\t\t\t\t<\/div>\n\t\t","protected":false},"excerpt":{"rendered":"<p>Linkedin Nil Eyl\u00fcl \u00c7i\u011fdem Associate Mobile: +90 537 851 74 19E-mail: e.cigdem@senolsomran.com Nil Eyl\u00fcl \u00c7i\u011fdem graduated with honors from Marmara University Faculty of Law in 2023. She also spent a year at Paris Ren\u00e9 Descartes University as part of the Erasmus+ program. During her studies, she completed summer internships at various law firms and worked&hellip;<\/p>\n","protected":false},"author":1,"featured_media":0,"parent":0,"menu_order":0,"comment_status":"closed","ping_status":"closed","template":"","meta":{"footnotes":""},"class_list":["post-51153","page","type-page","status-publish","hentry"],"_links":{"self":[{"href":"https:\/\/www.senolsomran.com\/en\/wp-json\/wp\/v2\/pages\/51153","targetHints":{"allow":["GET"]}}],"collection":[{"href":"https:\/\/www.senolsomran.com\/en\/wp-json\/wp\/v2\/pages"}],"about":[{"href":"https:\/\/www.senolsomran.com\/en\/wp-json\/wp\/v2\/types\/page"}],"author":[{"embeddable":true,"href":"https:\/\/www.senolsomran.com\/en\/wp-json\/wp\/v2\/users\/1"}],"replies":[{"embeddable":true,"href":"https:\/\/www.senolsomran.com\/en\/wp-json\/wp\/v2\/comments?post=51153"}],"version-history":[{"count":13,"href":"https:\/\/www.senolsomran.com\/en\/wp-json\/wp\/v2\/pages\/51153\/revisions"}],"predecessor-version":[{"id":51198,"href":"https:\/\/www.senolsomran.com\/en\/wp-json\/wp\/v2\/pages\/51153\/revisions\/51198"}],"wp:attachment":[{"href":"https:\/\/www.senolsomran.com\/en\/wp-json\/wp\/v2\/media?parent=51153"}],"curies":[{"name":"wp","href":"https:\/\/api.w.org\/{rel}","templated":true}]}}