{"id":51102,"date":"2023-01-25T07:25:24","date_gmt":"2023-01-25T07:25:24","guid":{"rendered":"https:\/\/www.senolsomran.com\/en\/?page_id=51102"},"modified":"2023-10-08T08:57:21","modified_gmt":"2023-10-08T08:57:21","slug":"ahmet-emre-saygin","status":"publish","type":"page","link":"https:\/\/www.senolsomran.com\/en\/ahmet-emre-saygin\/","title":{"rendered":"Ahmet Emre Sayg\u0131n"},"content":{"rendered":"\t\t<div data-elementor-type=\"wp-page\" data-elementor-id=\"51102\" class=\"elementor elementor-51102\">\n\t\t\t\t\t\t<section class=\"elementor-section elementor-top-section elementor-element elementor-element-5bebba7 elementor-section-stretched elementor-section-boxed elementor-section-height-default elementor-section-height-default\" data-id=\"5bebba7\" data-element_type=\"section\" data-settings=\"{&quot;stretch_section&quot;:&quot;section-stretched&quot;}\">\n\t\t\t\t\t\t\t<div class=\"elementor-background-overlay\"><\/div>\n\t\t\t\t\t\t\t<div class=\"elementor-container elementor-column-gap-wide\">\n\t\t\t\t\t<div class=\"elementor-column elementor-col-50 elementor-top-column elementor-element elementor-element-3dc7f57e\" data-id=\"3dc7f57e\" data-element_type=\"column\">\n\t\t\t<div class=\"elementor-widget-wrap elementor-element-populated\">\n\t\t\t\t\t\t<div class=\"elementor-element elementor-element-7ad835d elementor-invisible elementor-widget elementor-widget-image\" data-id=\"7ad835d\" data-element_type=\"widget\" data-settings=\"{&quot;_animation&quot;:&quot;fadeIn&quot;}\" data-widget_type=\"image.default\">\n\t\t\t\t<div class=\"elementor-widget-container\">\n\t\t\t\t\t\t\t\t\t\t\t\t\t\t\t<img fetchpriority=\"high\" decoding=\"async\" width=\"785\" height=\"1024\" src=\"https:\/\/www.senolsomran.com\/en\/wp-content\/uploads\/2023\/01\/AhmetEmreSaygin-785x1024.jpg\" class=\"attachment-large size-large wp-image-51105\" alt=\"\" srcset=\"https:\/\/www.senolsomran.com\/en\/wp-content\/uploads\/2023\/01\/AhmetEmreSaygin-785x1024.jpg 785w, https:\/\/www.senolsomran.com\/en\/wp-content\/uploads\/2023\/01\/AhmetEmreSaygin-230x300.jpg 230w, https:\/\/www.senolsomran.com\/en\/wp-content\/uploads\/2023\/01\/AhmetEmreSaygin-768x1001.jpg 768w, https:\/\/www.senolsomran.com\/en\/wp-content\/uploads\/2023\/01\/AhmetEmreSaygin-1178x1536.jpg 1178w, https:\/\/www.senolsomran.com\/en\/wp-content\/uploads\/2023\/01\/AhmetEmreSaygin-1200x1565.jpg 1200w, https:\/\/www.senolsomran.com\/en\/wp-content\/uploads\/2023\/01\/AhmetEmreSaygin.jpg 1534w\" sizes=\"(max-width: 785px) 100vw, 785px\" \/>\t\t\t\t\t\t\t\t\t\t\t\t\t\t\t<\/div>\n\t\t\t\t<\/div>\n\t\t\t\t<div class=\"elementor-element elementor-element-3485fe66 e-grid-align-left elementor-shape-rounded elementor-grid-0 elementor-widget elementor-widget-social-icons\" data-id=\"3485fe66\" data-element_type=\"widget\" data-widget_type=\"social-icons.default\">\n\t\t\t\t<div class=\"elementor-widget-container\">\n\t\t\t\t\t\t\t<div class=\"elementor-social-icons-wrapper elementor-grid\">\n\t\t\t\t\t\t\t<span class=\"elementor-grid-item\">\n\t\t\t\t\t<a class=\"elementor-icon elementor-social-icon elementor-social-icon-linkedin elementor-repeater-item-72c2b4f\" href=\"https:\/\/www.linkedin.com\/in\/ahmetemresaygin\/\" target=\"_blank\">\n\t\t\t\t\t\t<span class=\"elementor-screen-only\">Linkedin<\/span>\n\t\t\t\t\t\t<i aria-hidden=\"true\" class=\"fab fa-linkedin\"><\/i>\t\t\t\t\t<\/a>\n\t\t\t\t<\/span>\n\t\t\t\t\t<\/div>\n\t\t\t\t\t\t<\/div>\n\t\t\t\t<\/div>\n\t\t\t\t\t<\/div>\n\t\t<\/div>\n\t\t\t\t<div class=\"elementor-column elementor-col-50 elementor-top-column elementor-element elementor-element-300ad05\" data-id=\"300ad05\" data-element_type=\"column\">\n\t\t\t<div class=\"elementor-widget-wrap elementor-element-populated\">\n\t\t\t\t\t\t<div class=\"elementor-element elementor-element-4c93b08 elementor-widget elementor-widget-heading\" data-id=\"4c93b08\" data-element_type=\"widget\" data-widget_type=\"heading.default\">\n\t\t\t\t<div class=\"elementor-widget-container\">\n\t\t\t\t\t<h2 class=\"elementor-heading-title elementor-size-default\">Ahmet Emre Sayg\u0131n<\/h2>\t\t\t\t<\/div>\n\t\t\t\t<\/div>\n\t\t\t\t<div class=\"elementor-element elementor-element-476828db elementor-widget elementor-widget-text-editor\" data-id=\"476828db\" data-element_type=\"widget\" data-widget_type=\"text-editor.default\">\n\t\t\t\t<div class=\"elementor-widget-container\">\n\t\t\t\t\t\t\t\t\t<p>Associate<\/p>\t\t\t\t\t\t\t\t<\/div>\n\t\t\t\t<\/div>\n\t\t\t\t<div class=\"elementor-element elementor-element-50328853 elementor-widget elementor-widget-text-editor\" data-id=\"50328853\" data-element_type=\"widget\" data-widget_type=\"text-editor.default\">\n\t\t\t\t<div class=\"elementor-widget-container\">\n\t\t\t\t\t\t\t\t\t<p>Mobile: +90 539 673 74 81<br \/>E-mail: <a href=\"mailto:e.saygin@senolsomran.com\" target=\"_blank\" rel=\"noopener\">e.saygin@senolsomran.com<\/a><\/p>\t\t\t\t\t\t\t\t<\/div>\n\t\t\t\t<\/div>\n\t\t\t\t<div class=\"elementor-element elementor-element-19735f10 elementor-widget-divider--view-line elementor-widget elementor-widget-divider\" data-id=\"19735f10\" data-element_type=\"widget\" data-widget_type=\"divider.default\">\n\t\t\t\t<div class=\"elementor-widget-container\">\n\t\t\t\t\t\t\t<div class=\"elementor-divider\">\n\t\t\t<span class=\"elementor-divider-separator\">\n\t\t\t\t\t\t<\/span>\n\t\t<\/div>\n\t\t\t\t\t\t<\/div>\n\t\t\t\t<\/div>\n\t\t\t\t<div class=\"elementor-element elementor-element-f6f7f22 elementor-widget elementor-widget-text-editor\" data-id=\"f6f7f22\" data-element_type=\"widget\" data-widget_type=\"text-editor.default\">\n\t\t\t\t<div class=\"elementor-widget-container\">\n\t\t\t\t\t\t\t\t\t<p>Emre mainly focuses on litigation in the Firm\u2019s practice areas of shipping, transport, and insurance. He is also assisting Clients in transactional work including sale and purchase agreements as well as construction agreements for yachts and commercial vessels, establishment of corporate structures in Turkey and foreign jurisdictions, negotiating and drafting commercial contracts.<\/p><p>Emre graduated from Turkish-German University Faculty of Law in 2022 with an honor degree. Following his graduation, Emre completed his legal internship at \u015eenol Somran Law Firm and he is continuing to work as an associate team member at \u015eenol Somran Law Firm. Emre is admitted to the Istanbul Bar Association.<\/p><p>He speaks Turkish, English and German.<\/p>\t\t\t\t\t\t\t\t<\/div>\n\t\t\t\t<\/div>\n\t\t\t\t\t<\/div>\n\t\t<\/div>\n\t\t\t\t\t<\/div>\n\t\t<\/section>\n\t\t\t\t<section class=\"elementor-section elementor-top-section elementor-element elementor-element-5ae74045 elementor-section-boxed elementor-section-height-default elementor-section-height-default\" data-id=\"5ae74045\" data-element_type=\"section\">\n\t\t\t\t\t\t<div class=\"elementor-container elementor-column-gap-default\">\n\t\t\t\t\t<div class=\"elementor-column elementor-col-100 elementor-top-column elementor-element elementor-element-f4bd08e\" data-id=\"f4bd08e\" data-element_type=\"column\">\n\t\t\t<div class=\"elementor-widget-wrap elementor-element-populated\">\n\t\t\t\t\t\t<div class=\"elementor-element elementor-element-261f5001 elementor-widget elementor-widget-spacer\" data-id=\"261f5001\" data-element_type=\"widget\" data-widget_type=\"spacer.default\">\n\t\t\t\t<div class=\"elementor-widget-container\">\n\t\t\t\t\t\t\t<div class=\"elementor-spacer\">\n\t\t\t<div class=\"elementor-spacer-inner\"><\/div>\n\t\t<\/div>\n\t\t\t\t\t\t<\/div>\n\t\t\t\t<\/div>\n\t\t\t\t<div class=\"elementor-element elementor-element-54cd1f30 elementor-widget elementor-widget-heading\" data-id=\"54cd1f30\" data-element_type=\"widget\" data-widget_type=\"heading.default\">\n\t\t\t\t<div class=\"elementor-widget-container\">\n\t\t\t\t\t<h2 class=\"elementor-heading-title elementor-size-default\">Our Team<\/h2>\t\t\t\t<\/div>\n\t\t\t\t<\/div>\n\t\t\t\t<div class=\"elementor-element elementor-element-1a4586f7 elementor-widget-divider--view-line elementor-widget elementor-widget-divider\" data-id=\"1a4586f7\" data-element_type=\"widget\" data-widget_type=\"divider.default\">\n\t\t\t\t<div class=\"elementor-widget-container\">\n\t\t\t\t\t\t\t<div class=\"elementor-divider\">\n\t\t\t<span class=\"elementor-divider-separator\">\n\t\t\t\t\t\t<\/span>\n\t\t<\/div>\n\t\t\t\t\t\t<\/div>\n\t\t\t\t<\/div>\n\t\t\t\t\t<\/div>\n\t\t<\/div>\n\t\t\t\t\t<\/div>\n\t\t<\/section>\n\t\t\t\t<section class=\"elementor-section elementor-top-section elementor-element elementor-element-4167a1ff elementor-section-boxed elementor-section-height-default elementor-section-height-default elementor-invisible\" data-id=\"4167a1ff\" data-element_type=\"section\" data-settings=\"{&quot;animation&quot;:&quot;fadeIn&quot;}\">\n\t\t\t\t\t\t<div class=\"elementor-container elementor-column-gap-default\">\n\t\t\t\t\t<div class=\"elementor-column elementor-col-25 elementor-top-column elementor-element elementor-element-70ef2325\" data-id=\"70ef2325\" data-element_type=\"column\">\n\t\t\t<div class=\"elementor-widget-wrap elementor-element-populated\">\n\t\t\t\t\t\t<div class=\"elementor-element elementor-element-1f792782 elementor-widget elementor-widget-image\" data-id=\"1f792782\" data-element_type=\"widget\" data-widget_type=\"image.default\">\n\t\t\t\t<div class=\"elementor-widget-container\">\n\t\t\t\t\t\t\t\t\t\t\t\t\t\t\t\t<a href=\"https:\/\/www.senolsomran.com\/en\/sinan-senol\/\">\n\t\t\t\t\t\t\t<img decoding=\"async\" width=\"785\" height=\"1024\" src=\"https:\/\/www.senolsomran.com\/en\/wp-content\/uploads\/2021\/11\/SinanSenol-785x1024.jpg\" class=\"elementor-animation-grow attachment-large size-large wp-image-50654\" alt=\"\" srcset=\"https:\/\/www.senolsomran.com\/en\/wp-content\/uploads\/2021\/11\/SinanSenol-785x1024.jpg 785w, https:\/\/www.senolsomran.com\/en\/wp-content\/uploads\/2021\/11\/SinanSenol-230x300.jpg 230w, https:\/\/www.senolsomran.com\/en\/wp-content\/uploads\/2021\/11\/SinanSenol-768x1001.jpg 768w, https:\/\/www.senolsomran.com\/en\/wp-content\/uploads\/2021\/11\/SinanSenol-1178x1536.jpg 1178w, https:\/\/www.senolsomran.com\/en\/wp-content\/uploads\/2021\/11\/SinanSenol-1200x1565.jpg 1200w, https:\/\/www.senolsomran.com\/en\/wp-content\/uploads\/2021\/11\/SinanSenol.jpg 1534w\" sizes=\"(max-width: 785px) 100vw, 785px\" \/>\t\t\t\t\t\t\t\t<\/a>\n\t\t\t\t\t\t\t\t\t\t\t\t\t\t\t<\/div>\n\t\t\t\t<\/div>\n\t\t\t\t<div class=\"elementor-element elementor-element-130ba1f9 content-align-center icon-box-vertical-align-top icon-position-left icon-vertical-align-start elementor-widget elementor-widget-the7_icon_box_widget\" data-id=\"130ba1f9\" data-element_type=\"widget\" data-widget_type=\"the7_icon_box_widget.default\">\n\t\t\t\t<div class=\"elementor-widget-container\">\n\t\t\t\t\t\n\t\t<div class=\"the7-box-wrapper the7-elementor-widget the7_icon_box_widget-130ba1f9\">\t\t\t<div class=\"box-content-wrapper\">\n\t\t\t\t\t\t\t\t<div class=\"box-content\">\n\t\t\t\t\t\t\t\t\t\t\t\t\t\t\t\t\t<h4 class=\"box-heading\">\n\t\t\t\t\t\t\t<a >\t\t\t\t\t\t\t\tSinan \u015eenol\t\t\t\t\t\t\t<\/a>\t\t\t\t\t\t<\/h4>\n\t\t\t\t\t\t\t\t\t\t\t\t\t\t\t\t<div class=\"box-description\"><p>Partner<\/p><\/div>\n\t\t\t\t\t\n\t\t\t\t\t\n\t\t\t\t<\/div>\n\t\t\t<\/div>\n\t\t<\/div>\t\t\t\t\t<\/div>\n\t\t\t\t<\/div>\n\t\t\t\t\t<\/div>\n\t\t<\/div>\n\t\t\t\t<div class=\"elementor-column elementor-col-25 elementor-top-column elementor-element elementor-element-36275875\" data-id=\"36275875\" data-element_type=\"column\">\n\t\t\t<div class=\"elementor-widget-wrap elementor-element-populated\">\n\t\t\t\t\t\t<div class=\"elementor-element elementor-element-798eba00 elementor-widget elementor-widget-image\" data-id=\"798eba00\" data-element_type=\"widget\" data-widget_type=\"image.default\">\n\t\t\t\t<div class=\"elementor-widget-container\">\n\t\t\t\t\t\t\t\t\t\t\t\t\t\t\t\t<a href=\"https:\/\/www.senolsomran.com\/en\/ebru-somran\/\">\n\t\t\t\t\t\t\t<img decoding=\"async\" width=\"785\" height=\"1024\" src=\"https:\/\/www.senolsomran.com\/en\/wp-content\/uploads\/2021\/11\/EbruSomran-785x1024.jpg\" class=\"elementor-animation-grow attachment-large size-large wp-image-50648\" alt=\"\" srcset=\"https:\/\/www.senolsomran.com\/en\/wp-content\/uploads\/2021\/11\/EbruSomran-785x1024.jpg 785w, https:\/\/www.senolsomran.com\/en\/wp-content\/uploads\/2021\/11\/EbruSomran-230x300.jpg 230w, https:\/\/www.senolsomran.com\/en\/wp-content\/uploads\/2021\/11\/EbruSomran-768x1001.jpg 768w, https:\/\/www.senolsomran.com\/en\/wp-content\/uploads\/2021\/11\/EbruSomran-1178x1536.jpg 1178w, https:\/\/www.senolsomran.com\/en\/wp-content\/uploads\/2021\/11\/EbruSomran-1200x1565.jpg 1200w, https:\/\/www.senolsomran.com\/en\/wp-content\/uploads\/2021\/11\/EbruSomran.jpg 1534w\" sizes=\"(max-width: 785px) 100vw, 785px\" \/>\t\t\t\t\t\t\t\t<\/a>\n\t\t\t\t\t\t\t\t\t\t\t\t\t\t\t<\/div>\n\t\t\t\t<\/div>\n\t\t\t\t<div class=\"elementor-element elementor-element-75240d3b content-align-center icon-box-vertical-align-top icon-position-left icon-vertical-align-start elementor-widget elementor-widget-the7_icon_box_widget\" data-id=\"75240d3b\" data-element_type=\"widget\" data-widget_type=\"the7_icon_box_widget.default\">\n\t\t\t\t<div class=\"elementor-widget-container\">\n\t\t\t\t\t\n\t\t<div class=\"the7-box-wrapper the7-elementor-widget the7_icon_box_widget-75240d3b\">\t\t\t<div class=\"box-content-wrapper\">\n\t\t\t\t\t\t\t\t<div class=\"box-content\">\n\t\t\t\t\t\t\t\t\t\t\t\t\t\t\t\t\t<h4 class=\"box-heading\">\n\t\t\t\t\t\t\t<a >\t\t\t\t\t\t\t\tEbru Somran G\u00f6zl\u00fck\u00e7\u00fc\t\t\t\t\t\t\t<\/a>\t\t\t\t\t\t<\/h4>\n\t\t\t\t\t\t\t\t\t\t\t\t\t\t\t\t<div class=\"box-description\"><p>Partner<\/p><\/div>\n\t\t\t\t\t\n\t\t\t\t\t\n\t\t\t\t<\/div>\n\t\t\t<\/div>\n\t\t<\/div>\t\t\t\t\t<\/div>\n\t\t\t\t<\/div>\n\t\t\t\t\t<\/div>\n\t\t<\/div>\n\t\t\t\t<div class=\"elementor-column elementor-col-25 elementor-top-column elementor-element elementor-element-14594606\" data-id=\"14594606\" data-element_type=\"column\">\n\t\t\t<div class=\"elementor-widget-wrap elementor-element-populated\">\n\t\t\t\t\t\t<div class=\"elementor-element elementor-element-4d158f24 elementor-widget elementor-widget-image\" data-id=\"4d158f24\" data-element_type=\"widget\" data-widget_type=\"image.default\">\n\t\t\t\t<div class=\"elementor-widget-container\">\n\t\t\t\t\t\t\t\t\t\t\t\t\t\t\t\t<a href=\"https:\/\/www.senolsomran.com\/en\/duygu-senol\/\">\n\t\t\t\t\t\t\t<img loading=\"lazy\" decoding=\"async\" width=\"785\" height=\"1024\" src=\"https:\/\/www.senolsomran.com\/en\/wp-content\/uploads\/2021\/11\/DuyguSenol-785x1024.jpg\" class=\"elementor-animation-grow attachment-large size-large wp-image-50646\" alt=\"\" srcset=\"https:\/\/www.senolsomran.com\/en\/wp-content\/uploads\/2021\/11\/DuyguSenol-785x1024.jpg 785w, https:\/\/www.senolsomran.com\/en\/wp-content\/uploads\/2021\/11\/DuyguSenol-230x300.jpg 230w, https:\/\/www.senolsomran.com\/en\/wp-content\/uploads\/2021\/11\/DuyguSenol-768x1001.jpg 768w, https:\/\/www.senolsomran.com\/en\/wp-content\/uploads\/2021\/11\/DuyguSenol-1178x1536.jpg 1178w, https:\/\/www.senolsomran.com\/en\/wp-content\/uploads\/2021\/11\/DuyguSenol-1200x1565.jpg 1200w, https:\/\/www.senolsomran.com\/en\/wp-content\/uploads\/2021\/11\/DuyguSenol.jpg 1534w\" sizes=\"(max-width: 785px) 100vw, 785px\" \/>\t\t\t\t\t\t\t\t<\/a>\n\t\t\t\t\t\t\t\t\t\t\t\t\t\t\t<\/div>\n\t\t\t\t<\/div>\n\t\t\t\t<div class=\"elementor-element elementor-element-6333f25c content-align-center icon-box-vertical-align-top icon-position-left icon-vertical-align-start elementor-widget elementor-widget-the7_icon_box_widget\" data-id=\"6333f25c\" data-element_type=\"widget\" data-widget_type=\"the7_icon_box_widget.default\">\n\t\t\t\t<div class=\"elementor-widget-container\">\n\t\t\t\t\t\n\t\t<div class=\"the7-box-wrapper the7-elementor-widget the7_icon_box_widget-6333f25c\">\t\t\t<div class=\"box-content-wrapper\">\n\t\t\t\t\t\t\t\t<div class=\"box-content\">\n\t\t\t\t\t\t\t\t\t\t\t\t\t\t\t\t\t<h4 class=\"box-heading\">\n\t\t\t\t\t\t\t<a >\t\t\t\t\t\t\t\tDuygu \u015eenol\t\t\t\t\t\t\t<\/a>\t\t\t\t\t\t<\/h4>\n\t\t\t\t\t\t\t\t\t\t\t\t\t\t\t\t<div class=\"box-description\"><p>Partner<\/p><\/div>\n\t\t\t\t\t\n\t\t\t\t\t\n\t\t\t\t<\/div>\n\t\t\t<\/div>\n\t\t<\/div>\t\t\t\t\t<\/div>\n\t\t\t\t<\/div>\n\t\t\t\t\t<\/div>\n\t\t<\/div>\n\t\t\t\t<div class=\"elementor-column elementor-col-25 elementor-top-column elementor-element elementor-element-432645f1\" data-id=\"432645f1\" data-element_type=\"column\">\n\t\t\t<div class=\"elementor-widget-wrap elementor-element-populated\">\n\t\t\t\t\t\t<div class=\"elementor-element elementor-element-7bac0880 elementor-widget elementor-widget-image\" data-id=\"7bac0880\" data-element_type=\"widget\" data-widget_type=\"image.default\">\n\t\t\t\t<div class=\"elementor-widget-container\">\n\t\t\t\t\t\t\t\t\t\t\t\t\t\t\t\t<a href=\"https:\/\/www.senolsomran.com\/en\/gizem-karpuzoglu\/\">\n\t\t\t\t\t\t\t<img loading=\"lazy\" decoding=\"async\" width=\"785\" height=\"1024\" src=\"https:\/\/www.senolsomran.com\/en\/wp-content\/uploads\/2022\/05\/GizemKarpuzoglu-785x1024.jpg\" class=\"elementor-animation-grow attachment-large size-large wp-image-50911\" alt=\"\" srcset=\"https:\/\/www.senolsomran.com\/en\/wp-content\/uploads\/2022\/05\/GizemKarpuzoglu-785x1024.jpg 785w, https:\/\/www.senolsomran.com\/en\/wp-content\/uploads\/2022\/05\/GizemKarpuzoglu-230x300.jpg 230w, https:\/\/www.senolsomran.com\/en\/wp-content\/uploads\/2022\/05\/GizemKarpuzoglu-768x1001.jpg 768w, https:\/\/www.senolsomran.com\/en\/wp-content\/uploads\/2022\/05\/GizemKarpuzoglu-1178x1536.jpg 1178w, https:\/\/www.senolsomran.com\/en\/wp-content\/uploads\/2022\/05\/GizemKarpuzoglu-1200x1565.jpg 1200w, https:\/\/www.senolsomran.com\/en\/wp-content\/uploads\/2022\/05\/GizemKarpuzoglu.jpg 1534w\" sizes=\"(max-width: 785px) 100vw, 785px\" \/>\t\t\t\t\t\t\t\t<\/a>\n\t\t\t\t\t\t\t\t\t\t\t\t\t\t\t<\/div>\n\t\t\t\t<\/div>\n\t\t\t\t<div class=\"elementor-element elementor-element-adb7c5e content-align-center icon-box-vertical-align-top icon-position-left icon-vertical-align-start elementor-widget elementor-widget-the7_icon_box_widget\" data-id=\"adb7c5e\" data-element_type=\"widget\" data-widget_type=\"the7_icon_box_widget.default\">\n\t\t\t\t<div class=\"elementor-widget-container\">\n\t\t\t\t\t\n\t\t<div class=\"the7-box-wrapper the7-elementor-widget the7_icon_box_widget-adb7c5e\">\t\t\t<div class=\"box-content-wrapper\">\n\t\t\t\t\t\t\t\t<div class=\"box-content\">\n\t\t\t\t\t\t\t\t\t\t\t\t\t\t\t\t\t<h4 class=\"box-heading\">\n\t\t\t\t\t\t\t<a >\t\t\t\t\t\t\t\tGizem Karpuzo\u011flu\t\t\t\t\t\t\t<\/a>\t\t\t\t\t\t<\/h4>\n\t\t\t\t\t\t\t\t\t\t\t\t\t\t\t\t<div class=\"box-description\"><p>Of Counsel<\/p><\/div>\n\t\t\t\t\t\n\t\t\t\t\t\n\t\t\t\t<\/div>\n\t\t\t<\/div>\n\t\t<\/div>\t\t\t\t\t<\/div>\n\t\t\t\t<\/div>\n\t\t\t\t\t<\/div>\n\t\t<\/div>\n\t\t\t\t\t<\/div>\n\t\t<\/section>\n\t\t\t\t<\/div>\n\t\t","protected":false},"excerpt":{"rendered":"<p>Linkedin Ahmet Emre Sayg\u0131n Associate Mobile: +90 539 673 74 81E-mail: e.saygin@senolsomran.com Emre mainly focuses on litigation in the Firm\u2019s practice areas of shipping, transport, and insurance. He is also assisting Clients in transactional work including sale and purchase agreements as well as construction agreements for yachts and commercial vessels, establishment of corporate structures in&hellip;<\/p>\n","protected":false},"author":1,"featured_media":0,"parent":0,"menu_order":0,"comment_status":"closed","ping_status":"closed","template":"","meta":{"footnotes":""},"class_list":["post-51102","page","type-page","status-publish","hentry"],"_links":{"self":[{"href":"https:\/\/www.senolsomran.com\/en\/wp-json\/wp\/v2\/pages\/51102","targetHints":{"allow":["GET"]}}],"collection":[{"href":"https:\/\/www.senolsomran.com\/en\/wp-json\/wp\/v2\/pages"}],"about":[{"href":"https:\/\/www.senolsomran.com\/en\/wp-json\/wp\/v2\/types\/page"}],"author":[{"embeddable":true,"href":"https:\/\/www.senolsomran.com\/en\/wp-json\/wp\/v2\/users\/1"}],"replies":[{"embeddable":true,"href":"https:\/\/www.senolsomran.com\/en\/wp-json\/wp\/v2\/comments?post=51102"}],"version-history":[{"count":16,"href":"https:\/\/www.senolsomran.com\/en\/wp-json\/wp\/v2\/pages\/51102\/revisions"}],"predecessor-version":[{"id":51152,"href":"https:\/\/www.senolsomran.com\/en\/wp-json\/wp\/v2\/pages\/51102\/revisions\/51152"}],"wp:attachment":[{"href":"https:\/\/www.senolsomran.com\/en\/wp-json\/wp\/v2\/media?parent=51102"}],"curies":[{"name":"wp","href":"https:\/\/api.w.org\/{rel}","templated":true}]}}