{"id":50435,"date":"2021-11-16T22:17:41","date_gmt":"2021-11-16T22:17:41","guid":{"rendered":"https:\/\/www.senolsomran.com\/en\/?page_id=50435"},"modified":"2021-12-15T12:20:05","modified_gmt":"2021-12-15T12:20:05","slug":"mediation","status":"publish","type":"page","link":"https:\/\/www.senolsomran.com\/en\/mediation\/","title":{"rendered":"Mediation"},"content":{"rendered":"\t\t<div data-elementor-type=\"wp-page\" data-elementor-id=\"50435\" class=\"elementor elementor-50435\">\n\t\t\t\t\t\t<section class=\"elementor-section elementor-top-section elementor-element elementor-element-3f226680 elementor-section-height-min-height elementor-section-boxed elementor-section-height-default elementor-section-items-middle\" data-id=\"3f226680\" data-element_type=\"section\" data-settings=\"{&quot;background_background&quot;:&quot;classic&quot;}\">\n\t\t\t\t\t\t<div class=\"elementor-container elementor-column-gap-wider\">\n\t\t\t\t\t<div class=\"elementor-column elementor-col-100 elementor-top-column elementor-element elementor-element-647fe314\" data-id=\"647fe314\" data-element_type=\"column\">\n\t\t\t<div class=\"elementor-widget-wrap elementor-element-populated\">\n\t\t\t\t\t\t<div class=\"elementor-element elementor-element-4c3d12f7 elementor-widget__width-auto animated-fast elementor-invisible elementor-widget elementor-widget-heading\" data-id=\"4c3d12f7\" data-element_type=\"widget\" data-settings=\"{&quot;_animation&quot;:&quot;fadeInUp&quot;}\" data-widget_type=\"heading.default\">\n\t\t\t\t<div class=\"elementor-widget-container\">\n\t\t\t\t\t<h2 class=\"elementor-heading-title elementor-size-default\">Mediation<\/h2>\t\t\t\t<\/div>\n\t\t\t\t<\/div>\n\t\t\t\t<div class=\"elementor-element elementor-element-462afb33 elementor-widget elementor-widget-spacer\" data-id=\"462afb33\" data-element_type=\"widget\" data-widget_type=\"spacer.default\">\n\t\t\t\t<div class=\"elementor-widget-container\">\n\t\t\t\t\t\t\t<div class=\"elementor-spacer\">\n\t\t\t<div class=\"elementor-spacer-inner\"><\/div>\n\t\t<\/div>\n\t\t\t\t\t\t<\/div>\n\t\t\t\t<\/div>\n\t\t\t\t<div class=\"elementor-element elementor-element-3cf54109 elementor-widget elementor-widget-heading\" data-id=\"3cf54109\" data-element_type=\"widget\" data-widget_type=\"heading.default\">\n\t\t\t\t<div class=\"elementor-widget-container\">\n\t\t\t\t\t<h2 class=\"elementor-heading-title elementor-size-default\">By establishing healthy communication and identifying their demands correctly, we help parties to settle their differences.  <\/h2>\t\t\t\t<\/div>\n\t\t\t\t<\/div>\n\t\t\t\t\t<\/div>\n\t\t<\/div>\n\t\t\t\t\t<\/div>\n\t\t<\/section>\n\t\t\t\t<section class=\"elementor-section elementor-top-section elementor-element elementor-element-3c46d26c elementor-section-boxed elementor-section-height-default elementor-section-height-default\" data-id=\"3c46d26c\" data-element_type=\"section\">\n\t\t\t\t\t\t<div class=\"elementor-container elementor-column-gap-default\">\n\t\t\t\t\t<div class=\"elementor-column elementor-col-50 elementor-top-column elementor-element elementor-element-45b0ad1c elementor-hidden-mobile\" data-id=\"45b0ad1c\" data-element_type=\"column\">\n\t\t\t<div class=\"elementor-widget-wrap elementor-element-populated\">\n\t\t\t\t\t\t<div class=\"elementor-element elementor-element-61eff119 elementor-widget elementor-widget-spacer\" data-id=\"61eff119\" data-element_type=\"widget\" data-widget_type=\"spacer.default\">\n\t\t\t\t<div class=\"elementor-widget-container\">\n\t\t\t\t\t\t\t<div class=\"elementor-spacer\">\n\t\t\t<div class=\"elementor-spacer-inner\"><\/div>\n\t\t<\/div>\n\t\t\t\t\t\t<\/div>\n\t\t\t\t<\/div>\n\t\t\t\t<div class=\"elementor-element elementor-element-7bbeb45a elementor-widget elementor-widget-heading\" data-id=\"7bbeb45a\" data-element_type=\"widget\" data-widget_type=\"heading.default\">\n\t\t\t\t<div class=\"elementor-widget-container\">\n\t\t\t\t\t<h2 class=\"elementor-heading-title elementor-size-default\">Practice Areas<\/h2>\t\t\t\t<\/div>\n\t\t\t\t<\/div>\n\t\t\t\t<div class=\"elementor-element elementor-element-4616a9fa elementor-widget-divider--view-line elementor-widget elementor-widget-divider\" data-id=\"4616a9fa\" data-element_type=\"widget\" data-widget_type=\"divider.default\">\n\t\t\t\t<div class=\"elementor-widget-container\">\n\t\t\t\t\t\t\t<div class=\"elementor-divider\">\n\t\t\t<span class=\"elementor-divider-separator\">\n\t\t\t\t\t\t<\/span>\n\t\t<\/div>\n\t\t\t\t\t\t<\/div>\n\t\t\t\t<\/div>\n\t\t\t\t<div class=\"elementor-element elementor-element-9691a8b dt-nav-menu_align-left dt-sub-menu_align-left elementor-widget elementor-widget-the7_nav-menu\" data-id=\"9691a8b\" data-element_type=\"widget\" data-settings=\"{&quot;submenu_display&quot;:&quot;always&quot;}\" data-widget_type=\"the7_nav-menu.default\">\n\t\t\t\t<div class=\"elementor-widget-container\">\n\t\t\t\t\t<nav class=\"dt-nav-menu--main dt-nav-menu__container dt-sub-menu-display-always dt-icon-align- dt-icon-position- dt-sub-icon-position- dt-sub-icon-align-\"><ul class=\"dt-nav-menu\"><li class=\"menu-item menu-item-type-post_type menu-item-object-page menu-item-50788 first depth-0\"><a href='https:\/\/www.senolsomran.com\/en\/shipping\/' data-level='1'><span class=\"item-content\"><span class=\"menu-item-text\"><span class=\"menu-text\">Shipping<\/span><\/span><\/span><span class=\"\" data-icon = \"\"> <\/span><\/a><\/li> <li class=\"menu-item menu-item-type-custom menu-item-object-custom menu-item-49936 depth-0\"><a href='https:\/\/www.senolsomran.com\/en\/yachts-superyachts\/' data-level='1'><span class=\"item-content\"><span class=\"menu-item-text\"><span class=\"menu-text\">Yachts &#038; Superyachts<\/span><\/span><\/span><span class=\"\" data-icon = \"\"> <\/span><\/a><\/li> <li class=\"menu-item menu-item-type-custom menu-item-object-custom menu-item-49937 depth-0\"><a href='https:\/\/www.senolsomran.com\/en\/transport-logistics\/' data-level='1'><span class=\"item-content\"><span class=\"menu-item-text\"><span class=\"menu-text\">Transport &#038; Logistics<\/span><\/span><\/span><span class=\"\" data-icon = \"\"> <\/span><\/a><\/li> <li class=\"menu-item menu-item-type-custom menu-item-object-custom menu-item-49938 depth-0\"><a href='https:\/\/www.senolsomran.com\/en\/insurance-reinsurance\/' data-level='1'><span class=\"item-content\"><span class=\"menu-item-text\"><span class=\"menu-text\">Insurance &#038; Reinsurance<\/span><\/span><\/span><span class=\"\" data-icon = \"\"> <\/span><\/a><\/li> <li class=\"menu-item menu-item-type-custom menu-item-object-custom menu-item-49940 depth-0\"><a href='https:\/\/www.senolsomran.com\/en\/dispute-resolution\/' data-level='1'><span class=\"item-content\"><span class=\"menu-item-text\"><span class=\"menu-text\">Dispute Resolution<\/span><\/span><\/span><span class=\"\" data-icon = \"\"> <\/span><\/a><\/li> <li class=\"menu-item menu-item-type-post_type menu-item-object-page menu-item-50933 depth-0\"><a href='https:\/\/www.senolsomran.com\/en\/art-luxury-collectibles\/' data-level='1'><span class=\"item-content\"><span class=\"menu-item-text\"><span class=\"menu-text\">Art \/ Luxury Collectibles<\/span><\/span><\/span><span class=\"\" data-icon = \"\"> <\/span><\/a><\/li> <li class=\"menu-item menu-item-type-custom menu-item-object-custom menu-item-49945 depth-0\"><a href='https:\/\/www.senolsomran.com\/en\/corporate-commercial\/' data-level='1'><span class=\"item-content\"><span class=\"menu-item-text\"><span class=\"menu-text\">Corporate &#038; Commercial<\/span><\/span><\/span><span class=\"\" data-icon = \"\"> <\/span><\/a><\/li> <li class=\"menu-item menu-item-type-custom menu-item-object-custom menu-item-49939 depth-0\"><a href='https:\/\/www.senolsomran.com\/en\/banking-finance\/' data-level='1'><span class=\"item-content\"><span class=\"menu-item-text\"><span class=\"menu-text\">Banking &#038; Finance<\/span><\/span><\/span><span class=\"\" data-icon = \"\"> <\/span><\/a><\/li> <li class=\"menu-item menu-item-type-custom menu-item-object-custom menu-item-49944 depth-0\"><a href='https:\/\/www.senolsomran.com\/en\/private-clients\/' data-level='1'><span class=\"item-content\"><span class=\"menu-item-text\"><span class=\"menu-text\">Private Clients<\/span><\/span><\/span><span class=\"\" data-icon = \"\"> <\/span><\/a><\/li> <li class=\"menu-item menu-item-type-custom menu-item-object-custom menu-item-49942 depth-0\"><a href='https:\/\/www.senolsomran.com\/en\/trade-commodities\/' data-level='1'><span class=\"item-content\"><span class=\"menu-item-text\"><span class=\"menu-text\">Trade &#038; Commodities<\/span><\/span><\/span><span class=\"\" data-icon = \"\"> <\/span><\/a><\/li> <li class=\"menu-item menu-item-type-custom menu-item-object-custom menu-item-49941 depth-0\"><a href='https:\/\/www.senolsomran.com\/en\/employment\/' data-level='1'><span class=\"item-content\"><span class=\"menu-item-text\"><span class=\"menu-text\">Employment<\/span><\/span><\/span><span class=\"\" data-icon = \"\"> <\/span><\/a><\/li> <li class=\"menu-item menu-item-type-custom menu-item-object-custom menu-item-49943 depth-0\"><a href='https:\/\/www.senolsomran.com\/en\/real-estate-construction\/' data-level='1'><span class=\"item-content\"><span class=\"menu-item-text\"><span class=\"menu-text\">Real Estate &#038; Construction<\/span><\/span><\/span><span class=\"\" data-icon = \"\"> <\/span><\/a><\/li> <li class=\"menu-item menu-item-type-custom menu-item-object-custom menu-item-49946 depth-0\"><a href='https:\/\/www.senolsomran.com\/en\/mediation\/' data-level='1'><span class=\"item-content\"><span class=\"menu-item-text\"><span class=\"menu-text\">Mediation<\/span><\/span><\/span><span class=\"\" data-icon = \"\"> <\/span><\/a><\/li> <li class=\"menu-item menu-item-type-custom menu-item-object-custom menu-item-49947 last depth-0\"><a href='https:\/\/www.senolsomran.com\/en\/technology\/' data-level='1'><span class=\"item-content\"><span class=\"menu-item-text\"><span class=\"menu-text\">Technology<\/span><\/span><\/span><span class=\"\" data-icon = \"\"> <\/span><\/a><\/li> <\/ul><\/nav>\t\t\t\t<\/div>\n\t\t\t\t<\/div>\n\t\t\t\t\t<\/div>\n\t\t<\/div>\n\t\t\t\t<div class=\"elementor-column elementor-col-50 elementor-top-column elementor-element elementor-element-65d2f91a\" data-id=\"65d2f91a\" data-element_type=\"column\">\n\t\t\t<div class=\"elementor-widget-wrap elementor-element-populated\">\n\t\t\t\t\t\t<div class=\"elementor-element elementor-element-b79faef elementor-widget elementor-widget-spacer\" data-id=\"b79faef\" data-element_type=\"widget\" data-widget_type=\"spacer.default\">\n\t\t\t\t<div class=\"elementor-widget-container\">\n\t\t\t\t\t\t\t<div class=\"elementor-spacer\">\n\t\t\t<div class=\"elementor-spacer-inner\"><\/div>\n\t\t<\/div>\n\t\t\t\t\t\t<\/div>\n\t\t\t\t<\/div>\n\t\t\t\t<div class=\"elementor-element elementor-element-1080f70d elementor-widget elementor-widget-text-editor\" data-id=\"1080f70d\" data-element_type=\"widget\" data-widget_type=\"text-editor.default\">\n\t\t\t\t<div class=\"elementor-widget-container\">\n\t\t\t\t\t\t\t\t\t<ul><li>Mandatory mediation<span class=\"Apple-converted-space\">\u00a0<\/span><\/li><li>Commercial mediation<\/li><li>Mediation with respect Labor Law<\/li><\/ul><p>We provide mediation services for civil law disputes including those with foreign elements. One of our partners, Ebru Somran G\u00f6zl\u00fck\u00e7\u00fc, is a prominent mediator registered under Ministry of Justice and she holds specialism certificates in commercial law and labor law. By establishment of healthy communication between parties and presenting the requirements and demands of the parties correctly to each other, the parties are able to reach common grounds for the most effective solutions.<\/p><p>As the Turkish Act no. 7155 has introduced mandatory application of mediation process before commencing litigation in respect of commercial disputes as of 1 January 2019, we also provide mediation services for mandatory mediation matters.<\/p>\t\t\t\t\t\t\t\t<\/div>\n\t\t\t\t<\/div>\n\t\t\t\t\t<\/div>\n\t\t<\/div>\n\t\t\t\t\t<\/div>\n\t\t<\/section>\n\t\t\t\t<section class=\"elementor-section elementor-top-section elementor-element elementor-element-1720313b elementor-section-full_width elementor-section-height-default elementor-section-height-default\" data-id=\"1720313b\" data-element_type=\"section\">\n\t\t\t\t\t\t<div class=\"elementor-container elementor-column-gap-default\">\n\t\t\t\t\t<div class=\"elementor-column elementor-col-100 elementor-top-column elementor-element elementor-element-791b9fab\" data-id=\"791b9fab\" data-element_type=\"column\">\n\t\t\t<div class=\"elementor-widget-wrap elementor-element-populated\">\n\t\t\t\t\t\t<div class=\"elementor-element elementor-element-39f8070d elementor-widget elementor-widget-spacer\" data-id=\"39f8070d\" data-element_type=\"widget\" data-widget_type=\"spacer.default\">\n\t\t\t\t<div class=\"elementor-widget-container\">\n\t\t\t\t\t\t\t<div class=\"elementor-spacer\">\n\t\t\t<div class=\"elementor-spacer-inner\"><\/div>\n\t\t<\/div>\n\t\t\t\t\t\t<\/div>\n\t\t\t\t<\/div>\n\t\t\t\t\t<\/div>\n\t\t<\/div>\n\t\t\t\t\t<\/div>\n\t\t<\/section>\n\t\t\t\t<\/div>\n\t\t","protected":false},"excerpt":{"rendered":"<p>Mediation By establishing healthy communication and identifying their demands correctly, we help parties to settle their differences. Practice Areas Mandatory mediation\u00a0 Commercial mediation Mediation with respect Labor Law We provide mediation services for civil law disputes including those with foreign elements. One of our partners, Ebru Somran G\u00f6zl\u00fck\u00e7\u00fc, is a prominent mediator registered under Ministry&hellip;<\/p>\n","protected":false},"author":1,"featured_media":0,"parent":0,"menu_order":0,"comment_status":"closed","ping_status":"closed","template":"elementor_header_footer","meta":{"footnotes":""},"class_list":["post-50435","page","type-page","status-publish","hentry"],"_links":{"self":[{"href":"https:\/\/www.senolsomran.com\/en\/wp-json\/wp\/v2\/pages\/50435","targetHints":{"allow":["GET"]}}],"collection":[{"href":"https:\/\/www.senolsomran.com\/en\/wp-json\/wp\/v2\/pages"}],"about":[{"href":"https:\/\/www.senolsomran.com\/en\/wp-json\/wp\/v2\/types\/page"}],"author":[{"embeddable":true,"href":"https:\/\/www.senolsomran.com\/en\/wp-json\/wp\/v2\/users\/1"}],"replies":[{"embeddable":true,"href":"https:\/\/www.senolsomran.com\/en\/wp-json\/wp\/v2\/comments?post=50435"}],"version-history":[{"count":7,"href":"https:\/\/www.senolsomran.com\/en\/wp-json\/wp\/v2\/pages\/50435\/revisions"}],"predecessor-version":[{"id":50806,"href":"https:\/\/www.senolsomran.com\/en\/wp-json\/wp\/v2\/pages\/50435\/revisions\/50806"}],"wp:attachment":[{"href":"https:\/\/www.senolsomran.com\/en\/wp-json\/wp\/v2\/media?parent=50435"}],"curies":[{"name":"wp","href":"https:\/\/api.w.org\/{rel}","templated":true}]}}