{"id":50348,"date":"2021-11-16T21:26:24","date_gmt":"2021-11-16T21:26:24","guid":{"rendered":"https:\/\/www.senolsomran.com\/en\/?page_id=50348"},"modified":"2023-10-08T08:35:49","modified_gmt":"2023-10-08T08:35:49","slug":"sevgi-aydost","status":"publish","type":"page","link":"https:\/\/www.senolsomran.com\/en\/sevgi-aydost\/","title":{"rendered":"Sevgi Aydost"},"content":{"rendered":"\t\t<div data-elementor-type=\"wp-page\" data-elementor-id=\"50348\" class=\"elementor elementor-50348\">\n\t\t\t\t\t\t<section class=\"elementor-section elementor-top-section elementor-element elementor-element-a94bb62 elementor-section-stretched elementor-section-boxed elementor-section-height-default elementor-section-height-default\" data-id=\"a94bb62\" data-element_type=\"section\" data-settings=\"{&quot;stretch_section&quot;:&quot;section-stretched&quot;}\">\n\t\t\t\t\t\t\t<div class=\"elementor-background-overlay\"><\/div>\n\t\t\t\t\t\t\t<div class=\"elementor-container elementor-column-gap-wide\">\n\t\t\t\t\t<div class=\"elementor-column elementor-col-50 elementor-top-column elementor-element elementor-element-930c624\" data-id=\"930c624\" data-element_type=\"column\">\n\t\t\t<div class=\"elementor-widget-wrap elementor-element-populated\">\n\t\t\t\t\t\t<div class=\"elementor-element elementor-element-5bb0fd01 elementor-invisible elementor-widget elementor-widget-image\" data-id=\"5bb0fd01\" data-element_type=\"widget\" data-settings=\"{&quot;_animation&quot;:&quot;fadeIn&quot;}\" data-widget_type=\"image.default\">\n\t\t\t\t<div class=\"elementor-widget-container\">\n\t\t\t\t\t\t\t\t\t\t\t\t\t\t\t<img fetchpriority=\"high\" decoding=\"async\" width=\"785\" height=\"1024\" src=\"https:\/\/www.senolsomran.com\/en\/wp-content\/uploads\/2021\/11\/SevgiAydost-785x1024.jpg\" class=\"attachment-large size-large wp-image-50652\" alt=\"\" srcset=\"https:\/\/www.senolsomran.com\/en\/wp-content\/uploads\/2021\/11\/SevgiAydost-785x1024.jpg 785w, https:\/\/www.senolsomran.com\/en\/wp-content\/uploads\/2021\/11\/SevgiAydost-230x300.jpg 230w, https:\/\/www.senolsomran.com\/en\/wp-content\/uploads\/2021\/11\/SevgiAydost-768x1001.jpg 768w, https:\/\/www.senolsomran.com\/en\/wp-content\/uploads\/2021\/11\/SevgiAydost-1178x1536.jpg 1178w, https:\/\/www.senolsomran.com\/en\/wp-content\/uploads\/2021\/11\/SevgiAydost-1200x1565.jpg 1200w, https:\/\/www.senolsomran.com\/en\/wp-content\/uploads\/2021\/11\/SevgiAydost.jpg 1534w\" sizes=\"(max-width: 785px) 100vw, 785px\" \/>\t\t\t\t\t\t\t\t\t\t\t\t\t\t\t<\/div>\n\t\t\t\t<\/div>\n\t\t\t\t<div class=\"elementor-element elementor-element-62b56922 e-grid-align-left elementor-shape-rounded elementor-grid-0 elementor-widget elementor-widget-social-icons\" data-id=\"62b56922\" data-element_type=\"widget\" data-widget_type=\"social-icons.default\">\n\t\t\t\t<div class=\"elementor-widget-container\">\n\t\t\t\t\t\t\t<div class=\"elementor-social-icons-wrapper elementor-grid\">\n\t\t\t\t\t\t\t<span class=\"elementor-grid-item\">\n\t\t\t\t\t<a class=\"elementor-icon elementor-social-icon elementor-social-icon-linkedin elementor-repeater-item-72c2b4f\" href=\"https:\/\/www.linkedin.com\/in\/sevgi-aydost-05a0a27b\" target=\"_blank\">\n\t\t\t\t\t\t<span class=\"elementor-screen-only\">Linkedin<\/span>\n\t\t\t\t\t\t<i aria-hidden=\"true\" class=\"fab fa-linkedin\"><\/i>\t\t\t\t\t<\/a>\n\t\t\t\t<\/span>\n\t\t\t\t\t<\/div>\n\t\t\t\t\t\t<\/div>\n\t\t\t\t<\/div>\n\t\t\t\t\t<\/div>\n\t\t<\/div>\n\t\t\t\t<div class=\"elementor-column elementor-col-50 elementor-top-column elementor-element elementor-element-1d374534\" data-id=\"1d374534\" data-element_type=\"column\">\n\t\t\t<div class=\"elementor-widget-wrap elementor-element-populated\">\n\t\t\t\t\t\t<div class=\"elementor-element elementor-element-1fd7fca3 elementor-widget elementor-widget-heading\" data-id=\"1fd7fca3\" data-element_type=\"widget\" data-widget_type=\"heading.default\">\n\t\t\t\t<div class=\"elementor-widget-container\">\n\t\t\t\t\t<h2 class=\"elementor-heading-title elementor-size-default\">Sevgi Aydost, LL.M.<\/h2>\t\t\t\t<\/div>\n\t\t\t\t<\/div>\n\t\t\t\t<div class=\"elementor-element elementor-element-16a5ea7 elementor-widget elementor-widget-text-editor\" data-id=\"16a5ea7\" data-element_type=\"widget\" data-widget_type=\"text-editor.default\">\n\t\t\t\t<div class=\"elementor-widget-container\">\n\t\t\t\t\t\t\t\t\t<p>Senior Associate<\/p>\t\t\t\t\t\t\t\t<\/div>\n\t\t\t\t<\/div>\n\t\t\t\t<div class=\"elementor-element elementor-element-2c95dbf3 elementor-widget elementor-widget-text-editor\" data-id=\"2c95dbf3\" data-element_type=\"widget\" data-widget_type=\"text-editor.default\">\n\t\t\t\t<div class=\"elementor-widget-container\">\n\t\t\t\t\t\t\t\t\t<p>Mobile: +90 536 299 8262<br \/>E-mail: <a href=\"mailto:s.aydost@senolsomran.com\">s.aydost@senolsomran.com<\/a><\/p>\t\t\t\t\t\t\t\t<\/div>\n\t\t\t\t<\/div>\n\t\t\t\t<div class=\"elementor-element elementor-element-4fff8164 elementor-widget-divider--view-line elementor-widget elementor-widget-divider\" data-id=\"4fff8164\" data-element_type=\"widget\" data-widget_type=\"divider.default\">\n\t\t\t\t<div class=\"elementor-widget-container\">\n\t\t\t\t\t\t\t<div class=\"elementor-divider\">\n\t\t\t<span class=\"elementor-divider-separator\">\n\t\t\t\t\t\t<\/span>\n\t\t<\/div>\n\t\t\t\t\t\t<\/div>\n\t\t\t\t<\/div>\n\t\t\t\t<div class=\"elementor-element elementor-element-5cba5996 elementor-widget elementor-widget-text-editor\" data-id=\"5cba5996\" data-element_type=\"widget\" data-widget_type=\"text-editor.default\">\n\t\t\t\t<div class=\"elementor-widget-container\">\n\t\t\t\t\t\t\t\t\t<p class=\"m_8593817531324714855MsoListParagraphCxSpMiddle\">Sevgi Aydost focuses on complex and structured Turkish law matters in the areas of insurance, transportation, dispute resolution, banking &amp; finance and employment.<u><\/u><u><\/u><u><\/u>\u00a0<u><\/u><\/p><p class=\"m_8593817531324714855MsoListParagraphCxSpMiddle\">Sevgi provides assistance in litigation and dispute resolution including representation of foreign Clients in international arbitration proceedings. She has experience in drafting, reviewing, and negotiating various kinds of commercial and corporate contracts including sales and supply contracts, loan agreements and related security documents, warehousing and logistic services contracts, contracts of construction including construction of ships and yachts. In the past, she has represented local and international banks, leasing companies and other financial institutions in contract drafting, registration works and litigation in the areas of to ship sale and ship finance. Sevgi has also broad experience in insurance law, where she assisted local and international insurance and re-insurance companies both in contentious and non-contentious matters. She provides services in relation to labour law and social securities law as well.<u><\/u><u><\/u><\/p><p class=\"m_8593817531324714855MsoListParagraphCxSpLast\">Sevgi Aydost graduated from Istanbul Bilgi University in 2015 with a high honour degree and admitted to Istanbul Bar in 2016. She holds an LL.M. degree in Business Law at Istanbul Bilgi University as being ranked second in her class. She has written her dissertation under the title of &#8220;Evaluation of Directors and Officers&#8217; Liability Insurance Under the Turkish Commercial Code&#8221;. Sevgi speaks Turkish and English.<\/p>\t\t\t\t\t\t\t\t<\/div>\n\t\t\t\t<\/div>\n\t\t\t\t\t<\/div>\n\t\t<\/div>\n\t\t\t\t\t<\/div>\n\t\t<\/section>\n\t\t\t\t<section class=\"elementor-section elementor-top-section elementor-element elementor-element-3640e70 elementor-section-boxed elementor-section-height-default elementor-section-height-default\" data-id=\"3640e70\" data-element_type=\"section\">\n\t\t\t\t\t\t<div class=\"elementor-container elementor-column-gap-default\">\n\t\t\t\t\t<div class=\"elementor-column elementor-col-100 elementor-top-column elementor-element elementor-element-579e680a\" data-id=\"579e680a\" data-element_type=\"column\">\n\t\t\t<div class=\"elementor-widget-wrap elementor-element-populated\">\n\t\t\t\t\t\t<div class=\"elementor-element elementor-element-3689db2f elementor-widget elementor-widget-spacer\" data-id=\"3689db2f\" data-element_type=\"widget\" data-widget_type=\"spacer.default\">\n\t\t\t\t<div class=\"elementor-widget-container\">\n\t\t\t\t\t\t\t<div class=\"elementor-spacer\">\n\t\t\t<div class=\"elementor-spacer-inner\"><\/div>\n\t\t<\/div>\n\t\t\t\t\t\t<\/div>\n\t\t\t\t<\/div>\n\t\t\t\t<div class=\"elementor-element elementor-element-47420b25 elementor-widget elementor-widget-heading\" data-id=\"47420b25\" data-element_type=\"widget\" data-widget_type=\"heading.default\">\n\t\t\t\t<div class=\"elementor-widget-container\">\n\t\t\t\t\t<h2 class=\"elementor-heading-title elementor-size-default\">Our Team<\/h2>\t\t\t\t<\/div>\n\t\t\t\t<\/div>\n\t\t\t\t<div class=\"elementor-element elementor-element-64dc05c1 elementor-widget-divider--view-line elementor-widget elementor-widget-divider\" data-id=\"64dc05c1\" data-element_type=\"widget\" data-widget_type=\"divider.default\">\n\t\t\t\t<div class=\"elementor-widget-container\">\n\t\t\t\t\t\t\t<div class=\"elementor-divider\">\n\t\t\t<span class=\"elementor-divider-separator\">\n\t\t\t\t\t\t<\/span>\n\t\t<\/div>\n\t\t\t\t\t\t<\/div>\n\t\t\t\t<\/div>\n\t\t\t\t\t<\/div>\n\t\t<\/div>\n\t\t\t\t\t<\/div>\n\t\t<\/section>\n\t\t\t\t<section class=\"elementor-section elementor-top-section elementor-element elementor-element-6d93170d elementor-section-boxed elementor-section-height-default elementor-section-height-default elementor-invisible\" data-id=\"6d93170d\" data-element_type=\"section\" data-settings=\"{&quot;animation&quot;:&quot;fadeIn&quot;}\">\n\t\t\t\t\t\t<div class=\"elementor-container elementor-column-gap-default\">\n\t\t\t\t\t<div class=\"elementor-column elementor-col-25 elementor-top-column elementor-element elementor-element-ef744a5\" data-id=\"ef744a5\" data-element_type=\"column\">\n\t\t\t<div class=\"elementor-widget-wrap elementor-element-populated\">\n\t\t\t\t\t\t<div class=\"elementor-element elementor-element-422b845f elementor-widget elementor-widget-image\" data-id=\"422b845f\" data-element_type=\"widget\" data-widget_type=\"image.default\">\n\t\t\t\t<div class=\"elementor-widget-container\">\n\t\t\t\t\t\t\t\t\t\t\t\t\t\t\t\t<a href=\"https:\/\/www.senolsomran.com\/en\/sinan-senol\/\">\n\t\t\t\t\t\t\t<img decoding=\"async\" width=\"785\" height=\"1024\" src=\"https:\/\/www.senolsomran.com\/en\/wp-content\/uploads\/2021\/11\/SinanSenol-785x1024.jpg\" class=\"elementor-animation-grow attachment-large size-large wp-image-50654\" alt=\"\" srcset=\"https:\/\/www.senolsomran.com\/en\/wp-content\/uploads\/2021\/11\/SinanSenol-785x1024.jpg 785w, https:\/\/www.senolsomran.com\/en\/wp-content\/uploads\/2021\/11\/SinanSenol-230x300.jpg 230w, https:\/\/www.senolsomran.com\/en\/wp-content\/uploads\/2021\/11\/SinanSenol-768x1001.jpg 768w, https:\/\/www.senolsomran.com\/en\/wp-content\/uploads\/2021\/11\/SinanSenol-1178x1536.jpg 1178w, https:\/\/www.senolsomran.com\/en\/wp-content\/uploads\/2021\/11\/SinanSenol-1200x1565.jpg 1200w, https:\/\/www.senolsomran.com\/en\/wp-content\/uploads\/2021\/11\/SinanSenol.jpg 1534w\" sizes=\"(max-width: 785px) 100vw, 785px\" \/>\t\t\t\t\t\t\t\t<\/a>\n\t\t\t\t\t\t\t\t\t\t\t\t\t\t\t<\/div>\n\t\t\t\t<\/div>\n\t\t\t\t<div class=\"elementor-element elementor-element-25cbd303 content-align-center icon-box-vertical-align-top icon-position-left icon-vertical-align-start elementor-widget elementor-widget-the7_icon_box_widget\" data-id=\"25cbd303\" data-element_type=\"widget\" data-widget_type=\"the7_icon_box_widget.default\">\n\t\t\t\t<div class=\"elementor-widget-container\">\n\t\t\t\t\t\n\t\t<div class=\"the7-box-wrapper the7-elementor-widget the7_icon_box_widget-25cbd303\">\t\t\t<div class=\"box-content-wrapper\">\n\t\t\t\t\t\t\t\t<div class=\"box-content\">\n\t\t\t\t\t\t\t\t\t\t\t\t\t\t\t\t\t<h4 class=\"box-heading\">\n\t\t\t\t\t\t\t<a >\t\t\t\t\t\t\t\tSinan \u015eenol\t\t\t\t\t\t\t<\/a>\t\t\t\t\t\t<\/h4>\n\t\t\t\t\t\t\t\t\t\t\t\t\t\t\t\t<div class=\"box-description\"><p>Partner<\/p><\/div>\n\t\t\t\t\t\n\t\t\t\t\t\n\t\t\t\t<\/div>\n\t\t\t<\/div>\n\t\t<\/div>\t\t\t\t\t<\/div>\n\t\t\t\t<\/div>\n\t\t\t\t\t<\/div>\n\t\t<\/div>\n\t\t\t\t<div class=\"elementor-column elementor-col-25 elementor-top-column elementor-element elementor-element-21ed684c\" data-id=\"21ed684c\" data-element_type=\"column\">\n\t\t\t<div class=\"elementor-widget-wrap elementor-element-populated\">\n\t\t\t\t\t\t<div class=\"elementor-element elementor-element-41dc3c27 elementor-widget elementor-widget-image\" data-id=\"41dc3c27\" data-element_type=\"widget\" data-widget_type=\"image.default\">\n\t\t\t\t<div class=\"elementor-widget-container\">\n\t\t\t\t\t\t\t\t\t\t\t\t\t\t\t\t<a href=\"https:\/\/www.senolsomran.com\/en\/ebru-somran\/\">\n\t\t\t\t\t\t\t<img decoding=\"async\" width=\"785\" height=\"1024\" src=\"https:\/\/www.senolsomran.com\/en\/wp-content\/uploads\/2021\/11\/EbruSomran-785x1024.jpg\" class=\"elementor-animation-grow attachment-large size-large wp-image-50648\" alt=\"\" srcset=\"https:\/\/www.senolsomran.com\/en\/wp-content\/uploads\/2021\/11\/EbruSomran-785x1024.jpg 785w, https:\/\/www.senolsomran.com\/en\/wp-content\/uploads\/2021\/11\/EbruSomran-230x300.jpg 230w, https:\/\/www.senolsomran.com\/en\/wp-content\/uploads\/2021\/11\/EbruSomran-768x1001.jpg 768w, https:\/\/www.senolsomran.com\/en\/wp-content\/uploads\/2021\/11\/EbruSomran-1178x1536.jpg 1178w, https:\/\/www.senolsomran.com\/en\/wp-content\/uploads\/2021\/11\/EbruSomran-1200x1565.jpg 1200w, https:\/\/www.senolsomran.com\/en\/wp-content\/uploads\/2021\/11\/EbruSomran.jpg 1534w\" sizes=\"(max-width: 785px) 100vw, 785px\" \/>\t\t\t\t\t\t\t\t<\/a>\n\t\t\t\t\t\t\t\t\t\t\t\t\t\t\t<\/div>\n\t\t\t\t<\/div>\n\t\t\t\t<div class=\"elementor-element elementor-element-35cd7d3a content-align-center icon-box-vertical-align-top icon-position-left icon-vertical-align-start elementor-widget elementor-widget-the7_icon_box_widget\" data-id=\"35cd7d3a\" data-element_type=\"widget\" data-widget_type=\"the7_icon_box_widget.default\">\n\t\t\t\t<div class=\"elementor-widget-container\">\n\t\t\t\t\t\n\t\t<div class=\"the7-box-wrapper the7-elementor-widget the7_icon_box_widget-35cd7d3a\">\t\t\t<div class=\"box-content-wrapper\">\n\t\t\t\t\t\t\t\t<div class=\"box-content\">\n\t\t\t\t\t\t\t\t\t\t\t\t\t\t\t\t\t<h4 class=\"box-heading\">\n\t\t\t\t\t\t\t<a >\t\t\t\t\t\t\t\tEbru Somran G\u00f6zl\u00fck\u00e7\u00fc\t\t\t\t\t\t\t<\/a>\t\t\t\t\t\t<\/h4>\n\t\t\t\t\t\t\t\t\t\t\t\t\t\t\t\t<div class=\"box-description\"><p>Partner<\/p><\/div>\n\t\t\t\t\t\n\t\t\t\t\t\n\t\t\t\t<\/div>\n\t\t\t<\/div>\n\t\t<\/div>\t\t\t\t\t<\/div>\n\t\t\t\t<\/div>\n\t\t\t\t\t<\/div>\n\t\t<\/div>\n\t\t\t\t<div class=\"elementor-column elementor-col-25 elementor-top-column elementor-element elementor-element-6b893323\" data-id=\"6b893323\" data-element_type=\"column\">\n\t\t\t<div class=\"elementor-widget-wrap elementor-element-populated\">\n\t\t\t\t\t\t<div class=\"elementor-element elementor-element-5d3080e elementor-widget elementor-widget-image\" data-id=\"5d3080e\" data-element_type=\"widget\" data-widget_type=\"image.default\">\n\t\t\t\t<div class=\"elementor-widget-container\">\n\t\t\t\t\t\t\t\t\t\t\t\t\t\t\t\t<a href=\"https:\/\/www.senolsomran.com\/en\/duygu-senol\/\">\n\t\t\t\t\t\t\t<img loading=\"lazy\" decoding=\"async\" width=\"785\" height=\"1024\" src=\"https:\/\/www.senolsomran.com\/en\/wp-content\/uploads\/2021\/11\/DuyguSenol-785x1024.jpg\" class=\"elementor-animation-grow attachment-large size-large wp-image-50646\" alt=\"\" srcset=\"https:\/\/www.senolsomran.com\/en\/wp-content\/uploads\/2021\/11\/DuyguSenol-785x1024.jpg 785w, https:\/\/www.senolsomran.com\/en\/wp-content\/uploads\/2021\/11\/DuyguSenol-230x300.jpg 230w, https:\/\/www.senolsomran.com\/en\/wp-content\/uploads\/2021\/11\/DuyguSenol-768x1001.jpg 768w, https:\/\/www.senolsomran.com\/en\/wp-content\/uploads\/2021\/11\/DuyguSenol-1178x1536.jpg 1178w, https:\/\/www.senolsomran.com\/en\/wp-content\/uploads\/2021\/11\/DuyguSenol-1200x1565.jpg 1200w, https:\/\/www.senolsomran.com\/en\/wp-content\/uploads\/2021\/11\/DuyguSenol.jpg 1534w\" sizes=\"(max-width: 785px) 100vw, 785px\" \/>\t\t\t\t\t\t\t\t<\/a>\n\t\t\t\t\t\t\t\t\t\t\t\t\t\t\t<\/div>\n\t\t\t\t<\/div>\n\t\t\t\t<div class=\"elementor-element elementor-element-647bf62f content-align-center icon-box-vertical-align-top icon-position-left icon-vertical-align-start elementor-widget elementor-widget-the7_icon_box_widget\" data-id=\"647bf62f\" data-element_type=\"widget\" data-widget_type=\"the7_icon_box_widget.default\">\n\t\t\t\t<div class=\"elementor-widget-container\">\n\t\t\t\t\t\n\t\t<div class=\"the7-box-wrapper the7-elementor-widget the7_icon_box_widget-647bf62f\">\t\t\t<div class=\"box-content-wrapper\">\n\t\t\t\t\t\t\t\t<div class=\"box-content\">\n\t\t\t\t\t\t\t\t\t\t\t\t\t\t\t\t\t<h4 class=\"box-heading\">\n\t\t\t\t\t\t\t<a >\t\t\t\t\t\t\t\tDuygu \u015eenol\t\t\t\t\t\t\t<\/a>\t\t\t\t\t\t<\/h4>\n\t\t\t\t\t\t\t\t\t\t\t\t\t\t\t\t<div class=\"box-description\"><p>Partner<\/p><\/div>\n\t\t\t\t\t\n\t\t\t\t\t\n\t\t\t\t<\/div>\n\t\t\t<\/div>\n\t\t<\/div>\t\t\t\t\t<\/div>\n\t\t\t\t<\/div>\n\t\t\t\t\t<\/div>\n\t\t<\/div>\n\t\t\t\t<div class=\"elementor-column elementor-col-25 elementor-top-column elementor-element elementor-element-24b3bda\" data-id=\"24b3bda\" data-element_type=\"column\">\n\t\t\t<div class=\"elementor-widget-wrap elementor-element-populated\">\n\t\t\t\t\t\t<div class=\"elementor-element elementor-element-383e8bb elementor-widget elementor-widget-image\" data-id=\"383e8bb\" data-element_type=\"widget\" data-widget_type=\"image.default\">\n\t\t\t\t<div class=\"elementor-widget-container\">\n\t\t\t\t\t\t\t\t\t\t\t\t\t\t\t\t<a href=\"https:\/\/www.senolsomran.com\/en\/gizem-karpuzoglu\/\">\n\t\t\t\t\t\t\t<img loading=\"lazy\" decoding=\"async\" width=\"785\" height=\"1024\" src=\"https:\/\/www.senolsomran.com\/en\/wp-content\/uploads\/2022\/05\/GizemKarpuzoglu-785x1024.jpg\" class=\"elementor-animation-grow attachment-large size-large wp-image-50911\" alt=\"\" srcset=\"https:\/\/www.senolsomran.com\/en\/wp-content\/uploads\/2022\/05\/GizemKarpuzoglu-785x1024.jpg 785w, https:\/\/www.senolsomran.com\/en\/wp-content\/uploads\/2022\/05\/GizemKarpuzoglu-230x300.jpg 230w, https:\/\/www.senolsomran.com\/en\/wp-content\/uploads\/2022\/05\/GizemKarpuzoglu-768x1001.jpg 768w, https:\/\/www.senolsomran.com\/en\/wp-content\/uploads\/2022\/05\/GizemKarpuzoglu-1178x1536.jpg 1178w, https:\/\/www.senolsomran.com\/en\/wp-content\/uploads\/2022\/05\/GizemKarpuzoglu-1200x1565.jpg 1200w, https:\/\/www.senolsomran.com\/en\/wp-content\/uploads\/2022\/05\/GizemKarpuzoglu.jpg 1534w\" sizes=\"(max-width: 785px) 100vw, 785px\" \/>\t\t\t\t\t\t\t\t<\/a>\n\t\t\t\t\t\t\t\t\t\t\t\t\t\t\t<\/div>\n\t\t\t\t<\/div>\n\t\t\t\t<div class=\"elementor-element elementor-element-682b1ed content-align-center icon-box-vertical-align-top icon-position-left icon-vertical-align-start elementor-widget elementor-widget-the7_icon_box_widget\" data-id=\"682b1ed\" data-element_type=\"widget\" data-widget_type=\"the7_icon_box_widget.default\">\n\t\t\t\t<div class=\"elementor-widget-container\">\n\t\t\t\t\t\n\t\t<div class=\"the7-box-wrapper the7-elementor-widget the7_icon_box_widget-682b1ed\">\t\t\t<div class=\"box-content-wrapper\">\n\t\t\t\t\t\t\t\t<div class=\"box-content\">\n\t\t\t\t\t\t\t\t\t\t\t\t\t\t\t\t\t<h4 class=\"box-heading\">\n\t\t\t\t\t\t\t<a >\t\t\t\t\t\t\t\tGizem Karpuzo\u011flu\t\t\t\t\t\t\t<\/a>\t\t\t\t\t\t<\/h4>\n\t\t\t\t\t\t\t\t\t\t\t\t\t\t\t\t<div class=\"box-description\"><p>Of Counsel<\/p><\/div>\n\t\t\t\t\t\n\t\t\t\t\t\n\t\t\t\t<\/div>\n\t\t\t<\/div>\n\t\t<\/div>\t\t\t\t\t<\/div>\n\t\t\t\t<\/div>\n\t\t\t\t\t<\/div>\n\t\t<\/div>\n\t\t\t\t\t<\/div>\n\t\t<\/section>\n\t\t\t\t<\/div>\n\t\t","protected":false},"excerpt":{"rendered":"<p>Linkedin Sevgi Aydost, LL.M. Senior Associate Mobile: +90 536 299 8262E-mail: s.aydost@senolsomran.com Sevgi Aydost focuses on complex and structured Turkish law matters in the areas of insurance, transportation, dispute resolution, banking &amp; finance and employment.\u00a0 Sevgi provides assistance in litigation and dispute resolution including representation of foreign Clients in international arbitration proceedings. She has experience&hellip;<\/p>\n","protected":false},"author":1,"featured_media":0,"parent":0,"menu_order":0,"comment_status":"closed","ping_status":"closed","template":"","meta":{"footnotes":""},"class_list":["post-50348","page","type-page","status-publish","hentry"],"_links":{"self":[{"href":"https:\/\/www.senolsomran.com\/en\/wp-json\/wp\/v2\/pages\/50348","targetHints":{"allow":["GET"]}}],"collection":[{"href":"https:\/\/www.senolsomran.com\/en\/wp-json\/wp\/v2\/pages"}],"about":[{"href":"https:\/\/www.senolsomran.com\/en\/wp-json\/wp\/v2\/types\/page"}],"author":[{"embeddable":true,"href":"https:\/\/www.senolsomran.com\/en\/wp-json\/wp\/v2\/users\/1"}],"replies":[{"embeddable":true,"href":"https:\/\/www.senolsomran.com\/en\/wp-json\/wp\/v2\/comments?post=50348"}],"version-history":[{"count":28,"href":"https:\/\/www.senolsomran.com\/en\/wp-json\/wp\/v2\/pages\/50348\/revisions"}],"predecessor-version":[{"id":51124,"href":"https:\/\/www.senolsomran.com\/en\/wp-json\/wp\/v2\/pages\/50348\/revisions\/51124"}],"wp:attachment":[{"href":"https:\/\/www.senolsomran.com\/en\/wp-json\/wp\/v2\/media?parent=50348"}],"curies":[{"name":"wp","href":"https:\/\/api.w.org\/{rel}","templated":true}]}}