{"id":49711,"date":"2021-11-10T09:51:44","date_gmt":"2021-11-10T09:51:44","guid":{"rendered":"http:\/\/www.senolsomran.com\/en\/?page_id=49711"},"modified":"2023-10-08T09:21:42","modified_gmt":"2023-10-08T09:21:42","slug":"ebru-somran","status":"publish","type":"page","link":"https:\/\/www.senolsomran.com\/en\/ebru-somran\/","title":{"rendered":"Ebru Somran G\u00f6zl\u00fck\u00e7\u00fc"},"content":{"rendered":"\t\t<div data-elementor-type=\"wp-page\" data-elementor-id=\"49711\" class=\"elementor elementor-49711\">\n\t\t\t\t\t\t<section class=\"elementor-section elementor-top-section elementor-element elementor-element-7e29c9e0 elementor-section-stretched elementor-section-boxed elementor-section-height-default elementor-section-height-default\" data-id=\"7e29c9e0\" data-element_type=\"section\" data-settings=\"{&quot;stretch_section&quot;:&quot;section-stretched&quot;}\">\n\t\t\t\t\t\t\t<div class=\"elementor-background-overlay\"><\/div>\n\t\t\t\t\t\t\t<div class=\"elementor-container elementor-column-gap-wide\">\n\t\t\t\t\t<div class=\"elementor-column elementor-col-50 elementor-top-column elementor-element elementor-element-713effba\" data-id=\"713effba\" data-element_type=\"column\">\n\t\t\t<div class=\"elementor-widget-wrap elementor-element-populated\">\n\t\t\t\t\t\t<div class=\"elementor-element elementor-element-e3591b3 elementor-invisible elementor-widget elementor-widget-image\" data-id=\"e3591b3\" data-element_type=\"widget\" data-settings=\"{&quot;_animation&quot;:&quot;fadeIn&quot;}\" data-widget_type=\"image.default\">\n\t\t\t\t<div class=\"elementor-widget-container\">\n\t\t\t\t\t\t\t\t\t\t\t\t\t\t\t<img fetchpriority=\"high\" decoding=\"async\" width=\"785\" height=\"1024\" src=\"https:\/\/www.senolsomran.com\/en\/wp-content\/uploads\/2021\/11\/EbruSomran-785x1024.jpg\" class=\"attachment-large size-large wp-image-50648\" alt=\"\" srcset=\"https:\/\/www.senolsomran.com\/en\/wp-content\/uploads\/2021\/11\/EbruSomran-785x1024.jpg 785w, https:\/\/www.senolsomran.com\/en\/wp-content\/uploads\/2021\/11\/EbruSomran-230x300.jpg 230w, https:\/\/www.senolsomran.com\/en\/wp-content\/uploads\/2021\/11\/EbruSomran-768x1001.jpg 768w, https:\/\/www.senolsomran.com\/en\/wp-content\/uploads\/2021\/11\/EbruSomran-1178x1536.jpg 1178w, https:\/\/www.senolsomran.com\/en\/wp-content\/uploads\/2021\/11\/EbruSomran-1200x1565.jpg 1200w, https:\/\/www.senolsomran.com\/en\/wp-content\/uploads\/2021\/11\/EbruSomran.jpg 1534w\" sizes=\"(max-width: 785px) 100vw, 785px\" \/>\t\t\t\t\t\t\t\t\t\t\t\t\t\t\t<\/div>\n\t\t\t\t<\/div>\n\t\t\t\t<div class=\"elementor-element elementor-element-5b0442ef e-grid-align-left elementor-shape-rounded elementor-grid-0 elementor-widget elementor-widget-social-icons\" data-id=\"5b0442ef\" data-element_type=\"widget\" data-widget_type=\"social-icons.default\">\n\t\t\t\t<div class=\"elementor-widget-container\">\n\t\t\t\t\t\t\t<div class=\"elementor-social-icons-wrapper elementor-grid\">\n\t\t\t\t\t\t\t<span class=\"elementor-grid-item\">\n\t\t\t\t\t<a class=\"elementor-icon elementor-social-icon elementor-social-icon-linkedin elementor-repeater-item-72c2b4f\" href=\"https:\/\/www.linkedin.com\/in\/ebru-somran-g%C3%B6zl%C3%BCk%C3%A7%C3%BC-994ba848\" target=\"_blank\">\n\t\t\t\t\t\t<span class=\"elementor-screen-only\">Linkedin<\/span>\n\t\t\t\t\t\t<i aria-hidden=\"true\" class=\"fab fa-linkedin\"><\/i>\t\t\t\t\t<\/a>\n\t\t\t\t<\/span>\n\t\t\t\t\t<\/div>\n\t\t\t\t\t\t<\/div>\n\t\t\t\t<\/div>\n\t\t\t\t\t<\/div>\n\t\t<\/div>\n\t\t\t\t<div class=\"elementor-column elementor-col-50 elementor-top-column elementor-element elementor-element-4b9e219d\" data-id=\"4b9e219d\" data-element_type=\"column\">\n\t\t\t<div class=\"elementor-widget-wrap elementor-element-populated\">\n\t\t\t\t\t\t<div class=\"elementor-element elementor-element-6d913045 elementor-widget elementor-widget-heading\" data-id=\"6d913045\" data-element_type=\"widget\" data-widget_type=\"heading.default\">\n\t\t\t\t<div class=\"elementor-widget-container\">\n\t\t\t\t\t<h2 class=\"elementor-heading-title elementor-size-default\">Ebru Somran G\u00f6zl\u00fck\u00e7\u00fc, LL.M.<\/h2>\t\t\t\t<\/div>\n\t\t\t\t<\/div>\n\t\t\t\t<div class=\"elementor-element elementor-element-66324cb9 elementor-widget elementor-widget-text-editor\" data-id=\"66324cb9\" data-element_type=\"widget\" data-widget_type=\"text-editor.default\">\n\t\t\t\t<div class=\"elementor-widget-container\">\n\t\t\t\t\t\t\t\t\t<p>Partner<span class=\"Apple-converted-space\">\u00a0<\/span><\/p>\t\t\t\t\t\t\t\t<\/div>\n\t\t\t\t<\/div>\n\t\t\t\t<div class=\"elementor-element elementor-element-4429abb7 elementor-widget elementor-widget-text-editor\" data-id=\"4429abb7\" data-element_type=\"widget\" data-widget_type=\"text-editor.default\">\n\t\t\t\t<div class=\"elementor-widget-container\">\n\t\t\t\t\t\t\t\t\t<p>Mobile: +90 533 356 6244<br \/>E-mail: <a href=\"mailto:e.somran@senolsomran.com\">e.somran@senolsomran.com<\/a><\/p>\t\t\t\t\t\t\t\t<\/div>\n\t\t\t\t<\/div>\n\t\t\t\t<div class=\"elementor-element elementor-element-5baf0ba3 elementor-widget-divider--view-line elementor-widget elementor-widget-divider\" data-id=\"5baf0ba3\" data-element_type=\"widget\" data-widget_type=\"divider.default\">\n\t\t\t\t<div class=\"elementor-widget-container\">\n\t\t\t\t\t\t\t<div class=\"elementor-divider\">\n\t\t\t<span class=\"elementor-divider-separator\">\n\t\t\t\t\t\t<\/span>\n\t\t<\/div>\n\t\t\t\t\t\t<\/div>\n\t\t\t\t<\/div>\n\t\t\t\t<div class=\"elementor-element elementor-element-628bedb0 elementor-widget elementor-widget-text-editor\" data-id=\"628bedb0\" data-element_type=\"widget\" data-widget_type=\"text-editor.default\">\n\t\t\t\t<div class=\"elementor-widget-container\">\n\t\t\t\t\t\t\t\t\t<p>Ebru is an experienced lawyer with a particular specialism in transportation, insurance and commercial disputes as well as commodities and international trade. She has also a particular focus on ship finance and deals with the purchase of private and commercial yachts as well as all types of work with respect their financing structures.<span class=\"Apple-converted-space\">\u00a0<\/span><\/p><p>After spending 7 years in one of the leading Turkish law firms, she also worked as a claims handler\/local correspondent on behalf of P&amp;I Clubs for more than 4 years.<span class=\"Apple-converted-space\">\u00a0<\/span><\/p><p>Ebru has been advising P&amp;I Clubs, owners, charterers, cargo interests and insurance companies with respect charter party and bills of lading disputes. She has an extensive experience in ship arrest matters, recourse actions and customs disputes.<span class=\"Apple-converted-space\">\u00a0<\/span><\/p><p>She is well experienced in handling of all types of P&amp;I claims including major casualties as well as FD&amp;D disputes.\u00a0She has assisted P&amp;I Clubs, H&amp;M insurers, owners and managers with respect groundings, collisions, environmental pollution and customs disputes. Her experience also includes dispute resolution with respect all disputes with crew members arising from employment contracts including occupational injuries and diseases.<\/p><p>In addition to her qualification an experience as a lawyer, Ebru is also registered as a mediator with the Mediation Department of the Ministry of Justice and she has been working as a mediator with a specialization in commercial law and labor law since 2017.<span class=\"Apple-converted-space\">\u00a0<\/span><\/p><p>Ebru is a graduate of Koc University and holds an LL.M. degree in Business Law at Istanbul Bilgi University. She has written her dissertation under the title of \u201cDirect Action against P &amp; I Clubs in Turkey\u201d. She is a member of Istanbul Bar Association since 2010. She speaks Turkish, English and German.<\/p>\t\t\t\t\t\t\t\t<\/div>\n\t\t\t\t<\/div>\n\t\t\t\t\t<\/div>\n\t\t<\/div>\n\t\t\t\t\t<\/div>\n\t\t<\/section>\n\t\t\t\t<section class=\"elementor-section elementor-top-section elementor-element elementor-element-31cd5c2 elementor-section-boxed elementor-section-height-default elementor-section-height-default\" data-id=\"31cd5c2\" data-element_type=\"section\" data-settings=\"{&quot;animation&quot;:&quot;none&quot;}\">\n\t\t\t\t\t\t<div class=\"elementor-container elementor-column-gap-default\">\n\t\t\t\t\t<div class=\"elementor-column elementor-col-100 elementor-top-column elementor-element elementor-element-71390d4\" data-id=\"71390d4\" data-element_type=\"column\">\n\t\t\t<div class=\"elementor-widget-wrap elementor-element-populated\">\n\t\t\t\t\t\t<div class=\"elementor-element elementor-element-8bc0cd6 elementor-widget elementor-widget-spacer\" data-id=\"8bc0cd6\" data-element_type=\"widget\" data-widget_type=\"spacer.default\">\n\t\t\t\t<div class=\"elementor-widget-container\">\n\t\t\t\t\t\t\t<div class=\"elementor-spacer\">\n\t\t\t<div class=\"elementor-spacer-inner\"><\/div>\n\t\t<\/div>\n\t\t\t\t\t\t<\/div>\n\t\t\t\t<\/div>\n\t\t\t\t<div class=\"elementor-element elementor-element-5b8be11 elementor-widget elementor-widget-heading\" data-id=\"5b8be11\" data-element_type=\"widget\" data-widget_type=\"heading.default\">\n\t\t\t\t<div class=\"elementor-widget-container\">\n\t\t\t\t\t<h2 class=\"elementor-heading-title elementor-size-default\">Our Team<\/h2>\t\t\t\t<\/div>\n\t\t\t\t<\/div>\n\t\t\t\t<div class=\"elementor-element elementor-element-7fcb4eb elementor-widget-divider--view-line elementor-widget elementor-widget-divider\" data-id=\"7fcb4eb\" data-element_type=\"widget\" data-widget_type=\"divider.default\">\n\t\t\t\t<div class=\"elementor-widget-container\">\n\t\t\t\t\t\t\t<div class=\"elementor-divider\">\n\t\t\t<span class=\"elementor-divider-separator\">\n\t\t\t\t\t\t<\/span>\n\t\t<\/div>\n\t\t\t\t\t\t<\/div>\n\t\t\t\t<\/div>\n\t\t\t\t\t<\/div>\n\t\t<\/div>\n\t\t\t\t\t<\/div>\n\t\t<\/section>\n\t\t\t\t<section class=\"elementor-section elementor-top-section elementor-element elementor-element-6fa094b9 elementor-section-boxed elementor-section-height-default elementor-section-height-default elementor-invisible\" data-id=\"6fa094b9\" data-element_type=\"section\" data-settings=\"{&quot;animation&quot;:&quot;fadeIn&quot;}\">\n\t\t\t\t\t\t<div class=\"elementor-container elementor-column-gap-default\">\n\t\t\t\t\t<div class=\"elementor-column elementor-col-25 elementor-top-column elementor-element elementor-element-4a94a66c\" data-id=\"4a94a66c\" data-element_type=\"column\">\n\t\t\t<div class=\"elementor-widget-wrap elementor-element-populated\">\n\t\t\t\t\t\t<div class=\"elementor-element elementor-element-56e20288 elementor-widget elementor-widget-image\" data-id=\"56e20288\" data-element_type=\"widget\" data-widget_type=\"image.default\">\n\t\t\t\t<div class=\"elementor-widget-container\">\n\t\t\t\t\t\t\t\t\t\t\t\t\t\t\t\t<a href=\"http:\/\/www.senolsomran.com\/en\/?page_id=49643\">\n\t\t\t\t\t\t\t<img decoding=\"async\" width=\"785\" height=\"1024\" src=\"https:\/\/www.senolsomran.com\/en\/wp-content\/uploads\/2021\/11\/SinanSenol-785x1024.jpg\" class=\"elementor-animation-grow attachment-large size-large wp-image-50654\" alt=\"\" srcset=\"https:\/\/www.senolsomran.com\/en\/wp-content\/uploads\/2021\/11\/SinanSenol-785x1024.jpg 785w, https:\/\/www.senolsomran.com\/en\/wp-content\/uploads\/2021\/11\/SinanSenol-230x300.jpg 230w, https:\/\/www.senolsomran.com\/en\/wp-content\/uploads\/2021\/11\/SinanSenol-768x1001.jpg 768w, https:\/\/www.senolsomran.com\/en\/wp-content\/uploads\/2021\/11\/SinanSenol-1178x1536.jpg 1178w, https:\/\/www.senolsomran.com\/en\/wp-content\/uploads\/2021\/11\/SinanSenol-1200x1565.jpg 1200w, https:\/\/www.senolsomran.com\/en\/wp-content\/uploads\/2021\/11\/SinanSenol.jpg 1534w\" sizes=\"(max-width: 785px) 100vw, 785px\" \/>\t\t\t\t\t\t\t\t<\/a>\n\t\t\t\t\t\t\t\t\t\t\t\t\t\t\t<\/div>\n\t\t\t\t<\/div>\n\t\t\t\t<div class=\"elementor-element elementor-element-5bbeee8 content-align-center icon-box-vertical-align-top icon-position-left icon-vertical-align-start elementor-widget elementor-widget-the7_icon_box_widget\" data-id=\"5bbeee8\" data-element_type=\"widget\" data-widget_type=\"the7_icon_box_widget.default\">\n\t\t\t\t<div class=\"elementor-widget-container\">\n\t\t\t\t\t\n\t\t<div class=\"the7-box-wrapper the7-elementor-widget the7_icon_box_widget-5bbeee8\">\t\t\t<div class=\"box-content-wrapper\">\n\t\t\t\t\t\t\t\t<div class=\"box-content\">\n\t\t\t\t\t\t\t\t\t\t\t\t\t\t\t\t\t<h4 class=\"box-heading\">\n\t\t\t\t\t\t\t<a >\t\t\t\t\t\t\t\tSinan \u015eenol\t\t\t\t\t\t\t<\/a>\t\t\t\t\t\t<\/h4>\n\t\t\t\t\t\t\t\t\t\t\t\t\t\t\t\t<div class=\"box-description\"><p>Partner<\/p><\/div>\n\t\t\t\t\t\n\t\t\t\t\t\n\t\t\t\t<\/div>\n\t\t\t<\/div>\n\t\t<\/div>\t\t\t\t\t<\/div>\n\t\t\t\t<\/div>\n\t\t\t\t\t<\/div>\n\t\t<\/div>\n\t\t\t\t<div class=\"elementor-column elementor-col-25 elementor-top-column elementor-element elementor-element-48f67ae3\" data-id=\"48f67ae3\" data-element_type=\"column\">\n\t\t\t<div class=\"elementor-widget-wrap elementor-element-populated\">\n\t\t\t\t\t\t<div class=\"elementor-element elementor-element-25ea2bd0 elementor-widget elementor-widget-image\" data-id=\"25ea2bd0\" data-element_type=\"widget\" data-widget_type=\"image.default\">\n\t\t\t\t<div class=\"elementor-widget-container\">\n\t\t\t\t\t\t\t\t\t\t\t\t\t\t\t\t<a href=\"https:\/\/www.senolsomran.com\/en\/duygu-senol\/\">\n\t\t\t\t\t\t\t<img decoding=\"async\" width=\"785\" height=\"1024\" src=\"https:\/\/www.senolsomran.com\/en\/wp-content\/uploads\/2021\/11\/DuyguSenol-785x1024.jpg\" class=\"elementor-animation-grow attachment-large size-large wp-image-50646\" alt=\"\" srcset=\"https:\/\/www.senolsomran.com\/en\/wp-content\/uploads\/2021\/11\/DuyguSenol-785x1024.jpg 785w, https:\/\/www.senolsomran.com\/en\/wp-content\/uploads\/2021\/11\/DuyguSenol-230x300.jpg 230w, https:\/\/www.senolsomran.com\/en\/wp-content\/uploads\/2021\/11\/DuyguSenol-768x1001.jpg 768w, https:\/\/www.senolsomran.com\/en\/wp-content\/uploads\/2021\/11\/DuyguSenol-1178x1536.jpg 1178w, https:\/\/www.senolsomran.com\/en\/wp-content\/uploads\/2021\/11\/DuyguSenol-1200x1565.jpg 1200w, https:\/\/www.senolsomran.com\/en\/wp-content\/uploads\/2021\/11\/DuyguSenol.jpg 1534w\" sizes=\"(max-width: 785px) 100vw, 785px\" \/>\t\t\t\t\t\t\t\t<\/a>\n\t\t\t\t\t\t\t\t\t\t\t\t\t\t\t<\/div>\n\t\t\t\t<\/div>\n\t\t\t\t<div class=\"elementor-element elementor-element-7539916 content-align-center icon-box-vertical-align-top icon-position-left icon-vertical-align-start elementor-widget elementor-widget-the7_icon_box_widget\" data-id=\"7539916\" data-element_type=\"widget\" data-widget_type=\"the7_icon_box_widget.default\">\n\t\t\t\t<div class=\"elementor-widget-container\">\n\t\t\t\t\t\n\t\t<div class=\"the7-box-wrapper the7-elementor-widget the7_icon_box_widget-7539916\">\t\t\t<div class=\"box-content-wrapper\">\n\t\t\t\t\t\t\t\t<div class=\"box-content\">\n\t\t\t\t\t\t\t\t\t\t\t\t\t\t\t\t\t<h4 class=\"box-heading\">\n\t\t\t\t\t\t\t<a >\t\t\t\t\t\t\t\tDuygu \u015eenol\t\t\t\t\t\t\t<\/a>\t\t\t\t\t\t<\/h4>\n\t\t\t\t\t\t\t\t\t\t\t\t\t\t\t\t<div class=\"box-description\"><p>Partner<\/p><\/div>\n\t\t\t\t\t\n\t\t\t\t\t\n\t\t\t\t<\/div>\n\t\t\t<\/div>\n\t\t<\/div>\t\t\t\t\t<\/div>\n\t\t\t\t<\/div>\n\t\t\t\t\t<\/div>\n\t\t<\/div>\n\t\t\t\t<div class=\"elementor-column elementor-col-25 elementor-top-column elementor-element elementor-element-2051a9ed\" data-id=\"2051a9ed\" data-element_type=\"column\">\n\t\t\t<div class=\"elementor-widget-wrap elementor-element-populated\">\n\t\t\t\t\t\t<div class=\"elementor-element elementor-element-3162e9f3 elementor-widget elementor-widget-image\" data-id=\"3162e9f3\" data-element_type=\"widget\" data-widget_type=\"image.default\">\n\t\t\t\t<div class=\"elementor-widget-container\">\n\t\t\t\t\t\t\t\t\t\t\t\t\t\t\t\t<a href=\"https:\/\/www.senolsomran.com\/en\/gizem-karpuzoglu\/\">\n\t\t\t\t\t\t\t<img loading=\"lazy\" decoding=\"async\" width=\"785\" height=\"1024\" src=\"https:\/\/www.senolsomran.com\/en\/wp-content\/uploads\/2022\/05\/GizemKarpuzoglu-785x1024.jpg\" class=\"elementor-animation-grow attachment-large size-large wp-image-50911\" alt=\"\" srcset=\"https:\/\/www.senolsomran.com\/en\/wp-content\/uploads\/2022\/05\/GizemKarpuzoglu-785x1024.jpg 785w, https:\/\/www.senolsomran.com\/en\/wp-content\/uploads\/2022\/05\/GizemKarpuzoglu-230x300.jpg 230w, https:\/\/www.senolsomran.com\/en\/wp-content\/uploads\/2022\/05\/GizemKarpuzoglu-768x1001.jpg 768w, https:\/\/www.senolsomran.com\/en\/wp-content\/uploads\/2022\/05\/GizemKarpuzoglu-1178x1536.jpg 1178w, https:\/\/www.senolsomran.com\/en\/wp-content\/uploads\/2022\/05\/GizemKarpuzoglu-1200x1565.jpg 1200w, https:\/\/www.senolsomran.com\/en\/wp-content\/uploads\/2022\/05\/GizemKarpuzoglu.jpg 1534w\" sizes=\"(max-width: 785px) 100vw, 785px\" \/>\t\t\t\t\t\t\t\t<\/a>\n\t\t\t\t\t\t\t\t\t\t\t\t\t\t\t<\/div>\n\t\t\t\t<\/div>\n\t\t\t\t<div class=\"elementor-element elementor-element-1878e14 content-align-center icon-box-vertical-align-top icon-position-left icon-vertical-align-start elementor-widget elementor-widget-the7_icon_box_widget\" data-id=\"1878e14\" data-element_type=\"widget\" data-widget_type=\"the7_icon_box_widget.default\">\n\t\t\t\t<div class=\"elementor-widget-container\">\n\t\t\t\t\t\n\t\t<div class=\"the7-box-wrapper the7-elementor-widget the7_icon_box_widget-1878e14\">\t\t\t<div class=\"box-content-wrapper\">\n\t\t\t\t\t\t\t\t<div class=\"box-content\">\n\t\t\t\t\t\t\t\t\t\t\t\t\t\t\t\t\t<h4 class=\"box-heading\">\n\t\t\t\t\t\t\t<a >\t\t\t\t\t\t\t\tGizem Karpuzo\u011flu\t\t\t\t\t\t\t<\/a>\t\t\t\t\t\t<\/h4>\n\t\t\t\t\t\t\t\t\t\t\t\t\t\t\t\t<div class=\"box-description\"><p>Of Counsel<\/p><\/div>\n\t\t\t\t\t\n\t\t\t\t\t\n\t\t\t\t<\/div>\n\t\t\t<\/div>\n\t\t<\/div>\t\t\t\t\t<\/div>\n\t\t\t\t<\/div>\n\t\t\t\t\t<\/div>\n\t\t<\/div>\n\t\t\t\t<div class=\"elementor-column elementor-col-25 elementor-top-column elementor-element elementor-element-0ee82fc\" data-id=\"0ee82fc\" data-element_type=\"column\">\n\t\t\t<div class=\"elementor-widget-wrap elementor-element-populated\">\n\t\t\t\t\t\t<div class=\"elementor-element elementor-element-640bbd3 elementor-widget elementor-widget-image\" data-id=\"640bbd3\" data-element_type=\"widget\" data-widget_type=\"image.default\">\n\t\t\t\t<div class=\"elementor-widget-container\">\n\t\t\t\t\t\t\t\t\t\t\t\t\t\t\t\t<a href=\"https:\/\/www.senolsomran.com\/en\/sevgi-aydost\/\">\n\t\t\t\t\t\t\t<img loading=\"lazy\" decoding=\"async\" width=\"785\" height=\"1024\" src=\"https:\/\/www.senolsomran.com\/en\/wp-content\/uploads\/2021\/11\/SevgiAydost-785x1024.jpg\" class=\"elementor-animation-grow attachment-large size-large wp-image-50652\" alt=\"\" srcset=\"https:\/\/www.senolsomran.com\/en\/wp-content\/uploads\/2021\/11\/SevgiAydost-785x1024.jpg 785w, https:\/\/www.senolsomran.com\/en\/wp-content\/uploads\/2021\/11\/SevgiAydost-230x300.jpg 230w, https:\/\/www.senolsomran.com\/en\/wp-content\/uploads\/2021\/11\/SevgiAydost-768x1001.jpg 768w, https:\/\/www.senolsomran.com\/en\/wp-content\/uploads\/2021\/11\/SevgiAydost-1178x1536.jpg 1178w, https:\/\/www.senolsomran.com\/en\/wp-content\/uploads\/2021\/11\/SevgiAydost-1200x1565.jpg 1200w, https:\/\/www.senolsomran.com\/en\/wp-content\/uploads\/2021\/11\/SevgiAydost.jpg 1534w\" sizes=\"(max-width: 785px) 100vw, 785px\" \/>\t\t\t\t\t\t\t\t<\/a>\n\t\t\t\t\t\t\t\t\t\t\t\t\t\t\t<\/div>\n\t\t\t\t<\/div>\n\t\t\t\t<div class=\"elementor-element elementor-element-6d1e76c content-align-center icon-box-vertical-align-top icon-position-left icon-vertical-align-start elementor-widget elementor-widget-the7_icon_box_widget\" data-id=\"6d1e76c\" data-element_type=\"widget\" data-widget_type=\"the7_icon_box_widget.default\">\n\t\t\t\t<div class=\"elementor-widget-container\">\n\t\t\t\t\t\n\t\t<div class=\"the7-box-wrapper the7-elementor-widget the7_icon_box_widget-6d1e76c\">\t\t\t<div class=\"box-content-wrapper\">\n\t\t\t\t\t\t\t\t<div class=\"box-content\">\n\t\t\t\t\t\t\t\t\t\t\t\t\t\t\t\t\t<h4 class=\"box-heading\">\n\t\t\t\t\t\t\t<a >\t\t\t\t\t\t\t\tSevgi Aydost\t\t\t\t\t\t\t<\/a>\t\t\t\t\t\t<\/h4>\n\t\t\t\t\t\t\t\t\t\t\t\t\t\t\t\t<div class=\"box-description\"><p>Senior Associate<span style=\"letter-spacing: var(--the7-base-letter-spacing); text-transform: var(--the7-base-text-transform); word-spacing: normal; text-decoration: var(--the7-base-text-decoration);\"><\/span><\/p><\/div>\n\t\t\t\t\t\n\t\t\t\t\t\n\t\t\t\t<\/div>\n\t\t\t<\/div>\n\t\t<\/div>\t\t\t\t\t<\/div>\n\t\t\t\t<\/div>\n\t\t\t\t\t<\/div>\n\t\t<\/div>\n\t\t\t\t\t<\/div>\n\t\t<\/section>\n\t\t\t\t<\/div>\n\t\t","protected":false},"excerpt":{"rendered":"<p>Linkedin Ebru Somran G\u00f6zl\u00fck\u00e7\u00fc, LL.M. Partner\u00a0 Mobile: +90 533 356 6244E-mail: e.somran@senolsomran.com Ebru is an experienced lawyer with a particular specialism in transportation, insurance and commercial disputes as well as commodities and international trade. She has also a particular focus on ship finance and deals with the purchase of private and commercial yachts as well&hellip;<\/p>\n","protected":false},"author":1,"featured_media":0,"parent":0,"menu_order":0,"comment_status":"closed","ping_status":"closed","template":"","meta":{"footnotes":""},"class_list":["post-49711","page","type-page","status-publish","hentry"],"_links":{"self":[{"href":"https:\/\/www.senolsomran.com\/en\/wp-json\/wp\/v2\/pages\/49711","targetHints":{"allow":["GET"]}}],"collection":[{"href":"https:\/\/www.senolsomran.com\/en\/wp-json\/wp\/v2\/pages"}],"about":[{"href":"https:\/\/www.senolsomran.com\/en\/wp-json\/wp\/v2\/types\/page"}],"author":[{"embeddable":true,"href":"https:\/\/www.senolsomran.com\/en\/wp-json\/wp\/v2\/users\/1"}],"replies":[{"embeddable":true,"href":"https:\/\/www.senolsomran.com\/en\/wp-json\/wp\/v2\/comments?post=49711"}],"version-history":[{"count":62,"href":"https:\/\/www.senolsomran.com\/en\/wp-json\/wp\/v2\/pages\/49711\/revisions"}],"predecessor-version":[{"id":51179,"href":"https:\/\/www.senolsomran.com\/en\/wp-json\/wp\/v2\/pages\/49711\/revisions\/51179"}],"wp:attachment":[{"href":"https:\/\/www.senolsomran.com\/en\/wp-json\/wp\/v2\/media?parent=49711"}],"curies":[{"name":"wp","href":"https:\/\/api.w.org\/{rel}","templated":true}]}}